{"id":150,"date":"2024-06-26T11:31:29","date_gmt":"2024-06-26T09:31:29","guid":{"rendered":"https:\/\/nynashamnvaxer.nu\/?page_id=150"},"modified":"2024-06-26T11:34:04","modified_gmt":"2024-06-26T09:34:04","slug":"det-var-den-perfekta-mixen-av-landsbygd-och-narheten-till-stan-som-fick-oss-att-flytta-hit","status":"publish","type":"page","link":"https:\/\/nynashamnvaxer.nu\/index.php\/det-var-den-perfekta-mixen-av-landsbygd-och-narheten-till-stan-som-fick-oss-att-flytta-hit\/","title":{"rendered":"\u201dDet var den perfekta mixen av landsbygd och n\u00e4rheten till stan som fick oss att flytta hit\u201d"},"content":{"rendered":"\t\t<div data-elementor-type=\"wp-page\" data-elementor-id=\"150\" class=\"elementor elementor-150\" data-elementor-post-type=\"page\">\n\t\t\t\t\t\t<section class=\"elementor-section elementor-top-section elementor-element elementor-element-15dccdfc elementor-section-boxed elementor-section-height-default elementor-section-height-default\" data-id=\"15dccdfc\" data-element_type=\"section\">\n\t\t\t\t\t\t<div class=\"elementor-container elementor-column-gap-no\">\n\t\t\t\t\t<div class=\"elementor-column elementor-col-100 elementor-top-column elementor-element elementor-element-66f587e5\" data-id=\"66f587e5\" data-element_type=\"column\">\n\t\t\t<div class=\"elementor-widget-wrap elementor-element-populated\">\n\t\t\t\t\t\t<div class=\"elementor-element elementor-element-189429cd elementor-widget elementor-widget-image\" data-id=\"189429cd\" data-element_type=\"widget\" data-widget_type=\"image.default\">\n\t\t\t\t<div class=\"elementor-widget-container\">\n\t\t\t\t\t\t\t\t\t\t\t\t\t<img fetchpriority=\"high\" decoding=\"async\" width=\"2080\" height=\"1386\" src=\"https:\/\/nynashamnvaxer.nu\/wp-content\/uploads\/2024\/06\/familj.webp\" class=\"attachment-full size-full wp-image-86\" alt=\"\" srcset=\"https:\/\/nynashamnvaxer.nu\/wp-content\/uploads\/2024\/06\/familj.webp 2080w, https:\/\/nynashamnvaxer.nu\/wp-content\/uploads\/2024\/06\/familj-300x200.webp 300w, https:\/\/nynashamnvaxer.nu\/wp-content\/uploads\/2024\/06\/familj-1024x682.webp 1024w, https:\/\/nynashamnvaxer.nu\/wp-content\/uploads\/2024\/06\/familj-768x512.webp 768w, https:\/\/nynashamnvaxer.nu\/wp-content\/uploads\/2024\/06\/familj-1536x1024.webp 1536w, https:\/\/nynashamnvaxer.nu\/wp-content\/uploads\/2024\/06\/familj-2048x1365.webp 2048w\" sizes=\"(max-width: 2080px) 100vw, 2080px\" \/>\t\t\t\t\t\t\t\t\t\t\t\t\t<\/div>\n\t\t\t\t<\/div>\n\t\t\t\t<div class=\"elementor-element elementor-element-f5a3c08 elementor-widget elementor-widget-text-editor\" data-id=\"f5a3c08\" data-element_type=\"widget\" data-widget_type=\"text-editor.default\">\n\t\t\t\t<div class=\"elementor-widget-container\">\n\t\t\t\t\t\t\t<p>Olle och Hanna Lindberg med barnen Ilse och Stig p\u00e5 altanen till sin nybyggda villa i K\u00e4llberga, som vetter ut mot ett stort gr\u00f6nomr\u00e5de d\u00e4r barnen kan leka.<\/p>\t\t\t\t\t\t<\/div>\n\t\t\t\t<\/div>\n\t\t\t\t\t<\/div>\n\t\t<\/div>\n\t\t\t\t\t<\/div>\n\t\t<\/section>\n\t\t\t\t<section class=\"elementor-section elementor-top-section elementor-element elementor-element-2925b297 elementor-section-boxed elementor-section-height-default elementor-section-height-default\" data-id=\"2925b297\" data-element_type=\"section\">\n\t\t\t\t\t\t<div class=\"elementor-container elementor-column-gap-no\">\n\t\t\t\t\t<div class=\"elementor-column elementor-col-100 elementor-top-column elementor-element elementor-element-74c7ddc\" data-id=\"74c7ddc\" data-element_type=\"column\">\n\t\t\t<div class=\"elementor-widget-wrap elementor-element-populated\">\n\t\t\t\t\t\t<div class=\"elementor-element elementor-element-1b8cf4bb elementor-widget elementor-widget-heading\" data-id=\"1b8cf4bb\" data-element_type=\"widget\" data-widget_type=\"heading.default\">\n\t\t\t\t<div class=\"elementor-widget-container\">\n\t\t\t<h1 class=\"elementor-heading-title elementor-size-default\">\u201dDet var den perfekta mixen av landsbygd och n\u00e4rheten till stan som fick oss att flytta hit\u201d<\/h1>\t\t<\/div>\n\t\t\t\t<\/div>\n\t\t\t\t\t<\/div>\n\t\t<\/div>\n\t\t\t\t\t<\/div>\n\t\t<\/section>\n\t\t\t\t<section class=\"elementor-section elementor-top-section elementor-element elementor-element-3e09db68 elementor-section-boxed elementor-section-height-default elementor-section-height-default\" data-id=\"3e09db68\" data-element_type=\"section\">\n\t\t\t\t\t\t<div class=\"elementor-container elementor-column-gap-no\">\n\t\t\t\t\t<div class=\"elementor-column elementor-col-100 elementor-top-column elementor-element elementor-element-5d1702a\" data-id=\"5d1702a\" data-element_type=\"column\">\n\t\t\t<div class=\"elementor-widget-wrap elementor-element-populated\">\n\t\t\t\t\t\t<div class=\"elementor-element elementor-element-53cef0c0 elementor-widget elementor-widget-text-editor\" data-id=\"53cef0c0\" data-element_type=\"widget\" data-widget_type=\"text-editor.default\">\n\t\t\t\t<div class=\"elementor-widget-container\">\n\t\t\t\t\t\t\t<p>De var den tredje familjen att flytta till det nya samh\u00e4llet K\u00e4llberga som nu etableras p\u00e5 <br \/>\u00e5krarna \u00f6ster om \u00d6smo. Nu v\u00e4xer tr\u00e4dg\u00e5rdarna p\u00e5 den nya villagatan upp, det diskuteras altaner och h\u00e4ckar. I augusti \u00e4r det skolstart p\u00e5 skolan bredvid, d\u00e4r barnen i familjen en dag ska g\u00e5.<\/p>\t\t\t\t\t\t<\/div>\n\t\t\t\t<\/div>\n\t\t\t\t<div class=\"elementor-element elementor-element-25d29b1e elementor-drop-cap-yes elementor-drop-cap-view-default elementor-widget elementor-widget-text-editor\" data-id=\"25d29b1e\" data-element_type=\"widget\" data-settings=\"{&quot;drop_cap&quot;:&quot;yes&quot;}\" data-widget_type=\"text-editor.default\">\n\t\t\t\t<div class=\"elementor-widget-container\">\n\t\t\t\t\t\t\t<p>H<span class=\"s1\"><b>\u00e4r, d\u00e4r v\u00e5rt hus ligger <\/b><\/span>fanns en kohage innan. F\u00f6rsta g\u00e5ngen vi var h\u00e4r var en vacker h\u00f6stdag, solen sken, det var h\u00f6stf\u00e4rger och h\u00e4star som gick runt ute i hagen och vi gick runt p\u00e5 de tomma tomterna och bara nj\u00f6t. Och kort d\u00e4refter slog vi till, det gick s\u00e5 snabbt. Allt k\u00e4ndes bara helt r\u00e4tt, s\u00e4ger Hanna Lindberg.<\/p><p class=\"p2\">Det h\u00e4r var f\u00f6r fyra \u00e5r sedan. \u00c5r 2023 flyttade Hanna, Olle, Stig och Ilse in i sin nybyggda villa p\u00e5 Sv\u00e4rtings gata, granne med den lantligt r\u00f6dm\u00e5lade Raoul Wallenbergskolan med b\u00e5de f\u00f6rskola och F-6-skola och idrottshall. D\u00e4r barnen Stig, 8 \u00e5r, och Ilse, 4 \u00e5r, ska g\u00e5 om n\u00e5got \u00e5r. Just nu \u00e4r de inskrivna i \u00d6smo.<\/p><p class=\"p2\">Runt om familjen Lindbergs nya hus v\u00e4xer samh\u00e4llet K\u00e4llberga upp med plats f\u00f6r runt 700 bost\u00e4der. Den f\u00f6rsta etappen heter \u00c4ngen och det var d\u00e4r familjen Lindberg hittade sin dr\u00f6mtomt. \u00d6sterut finns en bevarad gr\u00f6n kil med en liten salamanderdamm, och bredvid skolan skapas ett bycentrum.<\/p><p class=\"p4\"><strong><i>Varf\u00f6r blev det just K\u00e4llberga och Nyn\u00e4shamn? S\u00f6kte ni er hit?<br \/><\/i><\/strong>\u2013 Nej egentligen inte, vi bodde i l\u00e4genhet i Stockholm och l\u00e4ngtade efter att bo i hus med tr\u00e4dg\u00e5rd och p\u00e5 landet-k\u00e4nsla. N\u00e4rmare naturen. S\u00e5 satt jag p\u00e5 tunnel\u00adbanan en dag och scrollade p\u00e5 Hemnet n\u00e4r m\u00e4klarsidan om K\u00e4llberga d\u00f6k upp, s\u00e4ger Hanna.<\/p><p class=\"p2\">\u2013 Ja, och det som gjorde att vi v\u00e5gade ta steget var att det h\u00e4r skedde i samband med pandemin, s\u00e4ger Olle Lindberg. N\u00e4r det visade sig att det gick alldeles utm\u00e4rkt att jobba hemifr\u00e5n ett par dagar i veckan. F\u00f6r vi trivdes b\u00e5da med v\u00e5ra jobb inne i stan, s\u00e5 det h\u00e4r var en perfekt hybrid mellan land och stad.<\/p><p class=\"p1\"><span class=\"s1\"><b>Just den h\u00e4r dagen <\/b><\/span>har Olle jobbdag hemma i villan, d\u00e4r de inrett ett kontor i g\u00e4strummet. Annars pendlar han in till S\u00f6dermalm, bussen in till Globen tar cirka 35 minuter.<\/p><p class=\"p2\">\u2013 Och det handlar inte bara om jobbet, det \u00e4r ocks\u00e5 fint att bara kunna s\u00e4tta sig p\u00e5 bussen och \u00e5ka in och se en bajenmatch och tr\u00e4ffa kompisar ibland, utan att det tar hela dagen.<\/p><p class=\"p4\"><strong><i>Skulle ni hellre ha velat flyttat in i ett redan befintligt villaomr\u00e5de?<br \/><\/i><\/strong>\u2013 Nej, genom att alla p\u00e5 gatan \u00e4r nyinflyttade har det uppst\u00e5tt en h\u00e4rlig gemenskap, s\u00e4ger Olle. Barnen springer mellan husen och eftersom alla har samma funderingar om altaner, gr\u00e4s\u00admattor och h\u00e4ckar och liknande har vi ju mycket att tala om. S\u00e5 vi har f\u00e5tt m\u00e5nga nya v\u00e4nner, vilket var en bonus vi inte r\u00e4knat med.<\/p><p class=\"p4\"><strong><i>\u00c4r det n\u00e5got ni saknar fr\u00e5n era gamla kvarter i Stockholm?<br \/><\/i><\/strong>\u2013 Det skulle vara att ha promenad\u00adavst\u00e5nd till lite fler fik, sp\u00e4nnande restauranger och utest\u00e4llen, s\u00e4ger Hanna. Det skulle ocks\u00e5 vara bra med lite fler cykelv\u00e4gar s\u00e5 att hela familjen kan cykla, det blir lite v\u00e4l mycket bil\u00e5kande tycker jag.<\/p>\t\t\t\t\t\t<\/div>\n\t\t\t\t<\/div>\n\t\t\t\t<div class=\"elementor-element elementor-element-1178618d elementor-widget elementor-widget-text-editor\" data-id=\"1178618d\" data-element_type=\"widget\" data-widget_type=\"text-editor.default\">\n\t\t\t\t<div class=\"elementor-widget-container\">\n\t\t\t\t\t\t\t<p>Text: Magnus Nilsson<br \/>Foto: Rosie Alm<\/p>\t\t\t\t\t\t<\/div>\n\t\t\t\t<\/div>\n\t\t\t\t\t<\/div>\n\t\t<\/div>\n\t\t\t\t\t<\/div>\n\t\t<\/section>\n\t\t\t\t<section class=\"elementor-section elementor-top-section elementor-element elementor-element-35bda3b0 elementor-section-boxed elementor-section-height-default elementor-section-height-default\" data-id=\"35bda3b0\" data-element_type=\"section\">\n\t\t\t\t\t\t<div class=\"elementor-container elementor-column-gap-no\">\n\t\t\t\t\t<div class=\"elementor-column elementor-col-100 elementor-top-column elementor-element elementor-element-16065ab1\" data-id=\"16065ab1\" data-element_type=\"column\">\n\t\t\t<div class=\"elementor-widget-wrap elementor-element-populated\">\n\t\t\t\t\t\t<div class=\"elementor-element elementor-element-4e718569 elementor-share-buttons--view-icon elementor-share-buttons--skin-minimal elementor-share-buttons--shape-circle elementor-share-buttons--align-center elementor-share-buttons--color-custom elementor-grid-0 elementor-widget elementor-widget-share-buttons\" data-id=\"4e718569\" data-element_type=\"widget\" data-widget_type=\"share-buttons.default\">\n\t\t\t\t<div class=\"elementor-widget-container\">\n\t\t\t\t\t<div class=\"elementor-grid\">\n\t\t\t\t\t\t\t\t<div class=\"elementor-grid-item\">\n\t\t\t\t\t\t<div\n\t\t\t\t\t\t\tclass=\"elementor-share-btn elementor-share-btn_email\"\n\t\t\t\t\t\t\trole=\"button\"\n\t\t\t\t\t\t\ttabindex=\"0\"\n\t\t\t\t\t\t\taria-label=\"Dela p\u00e5 email\"\n\t\t\t\t\t\t>\n\t\t\t\t\t\t\t\t\t\t\t\t\t\t\t<span class=\"elementor-share-btn__icon\">\n\t\t\t\t\t\t\t\t<svg class=\"e-font-icon-svg e-fas-envelope\" viewBox=\"0 0 512 512\" xmlns=\"http:\/\/www.w3.org\/2000\/svg\"><path d=\"M502.3 190.8c3.9-3.1 9.7-.2 9.7 4.7V400c0 26.5-21.5 48-48 48H48c-26.5 0-48-21.5-48-48V195.6c0-5 5.7-7.8 9.7-4.7 22.4 17.4 52.1 39.5 154.1 113.6 21.1 15.4 56.7 47.8 92.2 47.6 35.7.3 72-32.8 92.3-47.6 102-74.1 131.6-96.3 154-113.7zM256 320c23.2.4 56.6-29.2 73.4-41.4 132.7-96.3 142.8-104.7 173.4-128.7 5.8-4.5 9.2-11.5 9.2-18.9v-19c0-26.5-21.5-48-48-48H48C21.5 64 0 85.5 0 112v19c0 7.4 3.4 14.3 9.2 18.9 30.6 23.9 40.7 32.4 173.4 128.7 16.8 12.2 50.2 41.8 73.4 41.4z\"><\/path><\/svg>\t\t\t\t\t\t\t<\/span>\n\t\t\t\t\t\t\t\t\t\t\t\t\t\t\t\t\t\t\t\t<\/div>\n\t\t\t\t\t<\/div>\n\t\t\t\t\t\t\t\t\t<div class=\"elementor-grid-item\">\n\t\t\t\t\t\t<div\n\t\t\t\t\t\t\tclass=\"elementor-share-btn elementor-share-btn_facebook\"\n\t\t\t\t\t\t\trole=\"button\"\n\t\t\t\t\t\t\ttabindex=\"0\"\n\t\t\t\t\t\t\taria-label=\"Dela p\u00e5 facebook\"\n\t\t\t\t\t\t>\n\t\t\t\t\t\t\t\t\t\t\t\t\t\t\t<span class=\"elementor-share-btn__icon\">\n\t\t\t\t\t\t\t\t<svg class=\"e-font-icon-svg e-fab-facebook\" viewBox=\"0 0 512 512\" xmlns=\"http:\/\/www.w3.org\/2000\/svg\"><path d=\"M504 256C504 119 393 8 256 8S8 119 8 256c0 123.78 90.69 226.38 209.25 245V327.69h-63V256h63v-54.64c0-62.15 37-96.48 93.67-96.48 27.14 0 55.52 4.84 55.52 4.84v61h-31.28c-30.8 0-40.41 19.12-40.41 38.73V256h68.78l-11 71.69h-57.78V501C413.31 482.38 504 379.78 504 256z\"><\/path><\/svg>\t\t\t\t\t\t\t<\/span>\n\t\t\t\t\t\t\t\t\t\t\t\t\t\t\t\t\t\t\t\t<\/div>\n\t\t\t\t\t<\/div>\n\t\t\t\t\t\t\t\t\t<div class=\"elementor-grid-item\">\n\t\t\t\t\t\t<div\n\t\t\t\t\t\t\tclass=\"elementor-share-btn elementor-share-btn_x-twitter\"\n\t\t\t\t\t\t\trole=\"button\"\n\t\t\t\t\t\t\ttabindex=\"0\"\n\t\t\t\t\t\t\taria-label=\"Dela p\u00e5 x-twitter\"\n\t\t\t\t\t\t>\n\t\t\t\t\t\t\t\t\t\t\t\t\t\t\t<span class=\"elementor-share-btn__icon\">\n\t\t\t\t\t\t\t\t<svg class=\"e-font-icon-svg e-fab-x-twitter\" viewBox=\"0 0 512 512\" xmlns=\"http:\/\/www.w3.org\/2000\/svg\"><path d=\"M389.2 48h70.6L305.6 224.2 487 464H345L233.7 318.6 106.5 464H35.8L200.7 275.5 26.8 48H172.4L272.9 180.9 389.2 48zM364.4 421.8h39.1L151.1 88h-42L364.4 421.8z\"><\/path><\/svg>\t\t\t\t\t\t\t<\/span>\n\t\t\t\t\t\t\t\t\t\t\t\t\t\t\t\t\t\t\t\t<\/div>\n\t\t\t\t\t<\/div>\n\t\t\t\t\t\t\t\t\t<div class=\"elementor-grid-item\">\n\t\t\t\t\t\t<div\n\t\t\t\t\t\t\tclass=\"elementor-share-btn elementor-share-btn_linkedin\"\n\t\t\t\t\t\t\trole=\"button\"\n\t\t\t\t\t\t\ttabindex=\"0\"\n\t\t\t\t\t\t\taria-label=\"Dela p\u00e5 linkedin\"\n\t\t\t\t\t\t>\n\t\t\t\t\t\t\t\t\t\t\t\t\t\t\t<span class=\"elementor-share-btn__icon\">\n\t\t\t\t\t\t\t\t<svg class=\"e-font-icon-svg e-fab-linkedin\" viewBox=\"0 0 448 512\" xmlns=\"http:\/\/www.w3.org\/2000\/svg\"><path d=\"M416 32H31.9C14.3 32 0 46.5 0 64.3v383.4C0 465.5 14.3 480 31.9 480H416c17.6 0 32-14.5 32-32.3V64.3c0-17.8-14.4-32.3-32-32.3zM135.4 416H69V202.2h66.5V416zm-33.2-243c-21.3 0-38.5-17.3-38.5-38.5S80.9 96 102.2 96c21.2 0 38.5 17.3 38.5 38.5 0 21.3-17.2 38.5-38.5 38.5zm282.1 243h-66.4V312c0-24.8-.5-56.7-34.5-56.7-34.6 0-39.9 27-39.9 54.9V416h-66.4V202.2h63.7v29.2h.9c8.9-16.8 30.6-34.5 62.9-34.5 67.2 0 79.7 44.3 79.7 101.9V416z\"><\/path><\/svg>\t\t\t\t\t\t\t<\/span>\n\t\t\t\t\t\t\t\t\t\t\t\t\t\t\t\t\t\t\t\t<\/div>\n\t\t\t\t\t<\/div>\n\t\t\t\t\t\t<\/div>\n\t\t\t\t<\/div>\n\t\t\t\t<\/div>\n\t\t\t\t\t<\/div>\n\t\t<\/div>\n\t\t\t\t\t<\/div>\n\t\t<\/section>\n\t\t\t\t<\/div>\n\t\t","protected":false},"excerpt":{"rendered":"<p>Olle och Hanna Lindberg med barnen Ilse och Stig p\u00e5 altanen till sin nybyggda villa i K\u00e4llberga, som vetter ut mot ett stort gr\u00f6nomr\u00e5de d\u00e4r barnen kan leka. \u201dDet var den perfekta mixen av landsbygd och n\u00e4rheten till stan som fick oss att flytta hit\u201d De var den tredje familjen att flytta till det nya [&hellip;]<\/p>\n","protected":false},"author":2,"featured_media":86,"parent":0,"menu_order":0,"comment_status":"closed","ping_status":"closed","template":"elementor_theme","meta":{"footnotes":""},"class_list":["post-150","page","type-page","status-publish","has-post-thumbnail","hentry"],"_links":{"self":[{"href":"https:\/\/nynashamnvaxer.nu\/index.php\/wp-json\/wp\/v2\/pages\/150","targetHints":{"allow":["GET"]}}],"collection":[{"href":"https:\/\/nynashamnvaxer.nu\/index.php\/wp-json\/wp\/v2\/pages"}],"about":[{"href":"https:\/\/nynashamnvaxer.nu\/index.php\/wp-json\/wp\/v2\/types\/page"}],"author":[{"embeddable":true,"href":"https:\/\/nynashamnvaxer.nu\/index.php\/wp-json\/wp\/v2\/users\/2"}],"replies":[{"embeddable":true,"href":"https:\/\/nynashamnvaxer.nu\/index.php\/wp-json\/wp\/v2\/comments?post=150"}],"version-history":[{"count":4,"href":"https:\/\/nynashamnvaxer.nu\/index.php\/wp-json\/wp\/v2\/pages\/150\/revisions"}],"predecessor-version":[{"id":155,"href":"https:\/\/nynashamnvaxer.nu\/index.php\/wp-json\/wp\/v2\/pages\/150\/revisions\/155"}],"wp:featuredmedia":[{"embeddable":true,"href":"https:\/\/nynashamnvaxer.nu\/index.php\/wp-json\/wp\/v2\/media\/86"}],"wp:attachment":[{"href":"https:\/\/nynashamnvaxer.nu\/index.php\/wp-json\/wp\/v2\/media?parent=150"}],"curies":[{"name":"wp","href":"https:\/\/api.w.org\/{rel}","templated":true}]}}