{"id":156,"date":"2024-06-26T11:34:31","date_gmt":"2024-06-26T09:34:31","guid":{"rendered":"https:\/\/nynashamnvaxer.nu\/?page_id=156"},"modified":"2024-06-26T11:36:40","modified_gmt":"2024-06-26T09:36:40","slug":"kallberga-en-helt-ny-stadsdel-i-nynashamns-kommun","status":"publish","type":"page","link":"https:\/\/nynashamnvaxer.nu\/index.php\/kallberga-en-helt-ny-stadsdel-i-nynashamns-kommun\/","title":{"rendered":"K\u00e4llberga \u2013 en helt ny stadsdel i Nyn\u00e4shamns kommun"},"content":{"rendered":"\t\t<div data-elementor-type=\"wp-page\" data-elementor-id=\"156\" class=\"elementor elementor-156\" data-elementor-post-type=\"page\">\n\t\t\t\t\t\t<section class=\"elementor-section elementor-top-section elementor-element elementor-element-4bd9ea74 elementor-section-boxed elementor-section-height-default elementor-section-height-default\" data-id=\"4bd9ea74\" data-element_type=\"section\">\n\t\t\t\t\t\t<div class=\"elementor-container elementor-column-gap-no\">\n\t\t\t\t\t<div class=\"elementor-column elementor-col-100 elementor-top-column elementor-element elementor-element-3cb3fd6a\" data-id=\"3cb3fd6a\" data-element_type=\"column\">\n\t\t\t<div class=\"elementor-widget-wrap elementor-element-populated\">\n\t\t\t\t\t\t<div class=\"elementor-element elementor-element-32d8fc93 elementor-widget elementor-widget-image\" data-id=\"32d8fc93\" data-element_type=\"widget\" data-widget_type=\"image.default\">\n\t\t\t\t<div class=\"elementor-widget-container\">\n\t\t\t\t\t\t\t\t\t\t\t\t\t<img fetchpriority=\"high\" decoding=\"async\" width=\"2080\" height=\"1386\" src=\"https:\/\/nynashamnvaxer.nu\/wp-content\/uploads\/2024\/06\/hanna-hjort-koverberg.webp\" class=\"attachment-full size-full wp-image-89\" alt=\"\" srcset=\"https:\/\/nynashamnvaxer.nu\/wp-content\/uploads\/2024\/06\/hanna-hjort-koverberg.webp 2080w, https:\/\/nynashamnvaxer.nu\/wp-content\/uploads\/2024\/06\/hanna-hjort-koverberg-300x200.webp 300w, https:\/\/nynashamnvaxer.nu\/wp-content\/uploads\/2024\/06\/hanna-hjort-koverberg-1024x682.webp 1024w, https:\/\/nynashamnvaxer.nu\/wp-content\/uploads\/2024\/06\/hanna-hjort-koverberg-768x512.webp 768w, https:\/\/nynashamnvaxer.nu\/wp-content\/uploads\/2024\/06\/hanna-hjort-koverberg-1536x1024.webp 1536w, https:\/\/nynashamnvaxer.nu\/wp-content\/uploads\/2024\/06\/hanna-hjort-koverberg-2048x1365.webp 2048w\" sizes=\"(max-width: 2080px) 100vw, 2080px\" \/>\t\t\t\t\t\t\t\t\t\t\t\t\t<\/div>\n\t\t\t\t<\/div>\n\t\t\t\t<div class=\"elementor-element elementor-element-28777a15 elementor-widget elementor-widget-text-editor\" data-id=\"28777a15\" data-element_type=\"widget\" data-widget_type=\"text-editor.default\">\n\t\t\t\t<div class=\"elementor-widget-container\">\n\t\t\t\t\t\t\t<p>Hanna Hjort Koverberg \u00e4r projektledare f\u00f6r K\u00e4llberga p\u00e5 Nyn\u00e4shamns kommun.<\/p>\t\t\t\t\t\t<\/div>\n\t\t\t\t<\/div>\n\t\t\t\t\t<\/div>\n\t\t<\/div>\n\t\t\t\t\t<\/div>\n\t\t<\/section>\n\t\t\t\t<section class=\"elementor-section elementor-top-section elementor-element elementor-element-6ef3f415 elementor-section-boxed elementor-section-height-default elementor-section-height-default\" data-id=\"6ef3f415\" data-element_type=\"section\">\n\t\t\t\t\t\t<div class=\"elementor-container elementor-column-gap-no\">\n\t\t\t\t\t<div class=\"elementor-column elementor-col-100 elementor-top-column elementor-element elementor-element-7ff36e39\" data-id=\"7ff36e39\" data-element_type=\"column\">\n\t\t\t<div class=\"elementor-widget-wrap elementor-element-populated\">\n\t\t\t\t\t\t<div class=\"elementor-element elementor-element-2bf513a8 elementor-widget elementor-widget-heading\" data-id=\"2bf513a8\" data-element_type=\"widget\" data-widget_type=\"heading.default\">\n\t\t\t\t<div class=\"elementor-widget-container\">\n\t\t\t<h1 class=\"elementor-heading-title elementor-size-default\">K\u00e4llberga \u2013 en helt ny stadsdel i Nyn\u00e4shamns kommun<\/h1>\t\t<\/div>\n\t\t\t\t<\/div>\n\t\t\t\t\t<\/div>\n\t\t<\/div>\n\t\t\t\t\t<\/div>\n\t\t<\/section>\n\t\t\t\t<section class=\"elementor-section elementor-top-section elementor-element elementor-element-4dc260e1 elementor-section-boxed elementor-section-height-default elementor-section-height-default\" data-id=\"4dc260e1\" data-element_type=\"section\">\n\t\t\t\t\t\t<div class=\"elementor-container elementor-column-gap-no\">\n\t\t\t\t\t<div class=\"elementor-column elementor-col-100 elementor-top-column elementor-element elementor-element-ac58e86\" data-id=\"ac58e86\" data-element_type=\"column\">\n\t\t\t<div class=\"elementor-widget-wrap elementor-element-populated\">\n\t\t\t\t\t\t<div class=\"elementor-element elementor-element-a29e174 elementor-widget elementor-widget-text-editor\" data-id=\"a29e174\" data-element_type=\"widget\" data-widget_type=\"text-editor.default\">\n\t\t\t\t<div class=\"elementor-widget-container\">\n\t\t\t\t\t\t\t<p>Fullt utbyggd kommer runt 3\u00a0000 m\u00e4nniskor att bo i K\u00e4llberga, \u00f6ster om \u00d6smo. En helt ny sm\u00e5skalig naturn\u00e4ra stadsdel som Nyn\u00e4shamns kommun tagit initiativ till. I augusti \u00f6ppnar en ny f\u00f6rskola och skola och 49 villor och radhus \u00e4r redan inflyttade.<\/p>\t\t\t\t\t\t<\/div>\n\t\t\t\t<\/div>\n\t\t\t\t<div class=\"elementor-element elementor-element-61881551 elementor-drop-cap-yes elementor-drop-cap-view-default elementor-widget elementor-widget-text-editor\" data-id=\"61881551\" data-element_type=\"widget\" data-settings=\"{&quot;drop_cap&quot;:&quot;yes&quot;}\" data-widget_type=\"text-editor.default\">\n\t\t\t\t<div class=\"elementor-widget-container\">\n\t\t\t\t\t\t\t<p>H<span class=\"s1\"><b>istorien bakom K\u00e4llberga <\/b><\/span><span class=\"s2\">b\u00f6rjade redan f\u00f6r 20 \u00e5r sedan. Nyn\u00e4shamns kommun beh\u00f6vde \u00f6ka antalet bost\u00e4der och omr\u00e5det \u00f6ster om v\u00e4g 73 mellan Bj\u00f6rsta, Lidatorp och K\u00e4llberga, \u00f6ster om \u00d6smo, ans\u00e5gs ha god potential. \u00c5r 2018 vann kommunens detaljplan \u00f6ver omr\u00e5det laga kraft. F\u00f6rsta spadtaget togs 2021 och efter arbeten med infrastruktur, VA-anslutningar och markarbeten flyttade de f\u00f6rsta inv\u00e5narna in 2023. I augusti 2024 \u00e4r det skolstart i omr\u00e5dets nya skola och f\u00f6rskola.<\/span><\/p><p class=\"p2\"><span class=\"s2\">\u2013 Det \u00e4r ett v\u00e4ldigt ambiti\u00f6st projekt, med ett gediget gestaltningsprogram som i detalj beskriver hur K\u00e4llberga ska utformas och som alla m\u00e5ste h\u00e5lla sig till. Kommunen har ett n\u00e4ra samarbete med mark\u00e4garen K\u00e4llberga Mark som utvecklar omr\u00e5det och det \u00e4r tydligt att alla akt\u00f6rer delar samma vision och g\u00f6r allt f\u00f6r att f\u00e5 till en slutprodukt som blir v\u00e4ldigt bra, s\u00e4ger Hanna Hjort Koverberg, projekt\u00adledare f\u00f6r K\u00e4llberga p\u00e5 samh\u00e4llsbyggnadsf\u00f6rvaltningen i Nyn\u00e4shamns kommun.<\/span><\/p><p class=\"p4\"><strong><i>Hur ser riktlinjerna och visionen f\u00f6r K\u00e4llberga ut?<br \/><\/i><\/strong>\u2013 Det ska bli en naturn\u00e4ra och levande stadsdel med m\u00e5nga olika boendetyper, d\u00e4r alla f\u00e5r plats, oavsett \u00e5lder och livs\u00adsituation. Utbyggnaden av omr\u00e5det anpassas efter den omv\u00e4xlande naturen med dess kullar och olika naturtyper. Husen ska vara sm\u00e5skaliga, byggda i sunda material och utformade f\u00f6r att sm\u00e4lta in i landsbygdsmilj\u00f6n.<\/p><p class=\"p2\">Ett exempel p\u00e5 detta \u00e4r den nya skolan mitt i byn. Fem sm\u00e5skaliga skolbyggnader i falur\u00f6tt, med st\u00e5ende tr\u00e4panel och en lekplats som sluttar ner mot ett stort gr\u00f6nomr\u00e5de, d\u00e4r det kommer ordnas med sp\u00e4nger f\u00f6r rekreation och en befintlig g\u00f6l bevaras f\u00f6r vattensalamander. L\u00e4ngs ena sidan gr\u00f6nomr\u00e5det ligger 19 frist\u00e5ende villor i tr\u00e4 d\u00e4r K\u00e4llbergas f\u00f6rsta inv\u00e5nare flyttade in 2023, och p\u00e5 andra sidan skolan 30 radhus i olika matchande kul\u00f6rer som ocks\u00e5 \u00e4r inflyttade.<\/p><p class=\"p1\"><span class=\"s1\"><b>\u2013 Omr\u00e5det byggs i etapper, <\/b><\/span><span class=\"s2\">det som byggs nu heter \u00c4ngen och kommer att st\u00e5 klart runt 2026. D\u00e5 kommer det att finnas ett litet levande bytorg omgivet av flera l\u00e4gre flerbostadshus med hyresr\u00e4tter vid entr\u00e9n mot omr\u00e5det fr\u00e5n Musk\u00f6v\u00e4gen sett. I botten p\u00e5 husen blir det verksamhets\u00adlokaler f\u00f6r exempelvis mataff\u00e4rer och kaf\u00e9er. Sedan f\u00e4rdigst\u00e4lls etapp efter etapp.<\/span><\/p><p class=\"p2\">N\u00e4r hela K\u00e4llberga \u00e4r f\u00e4rdigt ber\u00e4knas det bo runt 3\u2009000 m\u00e4nniskor h\u00e4r, i 800\u2013900 bost\u00e4der av olika storlek och boendetyp. Tanken \u00e4r att stadsdelen ska vara f\u00e4rdigutvecklad senast 2033.<\/p>\t\t\t\t\t\t<\/div>\n\t\t\t\t<\/div>\n\t\t\t\t<div class=\"elementor-element elementor-element-e0d28e2 elementor-widget elementor-widget-text-editor\" data-id=\"e0d28e2\" data-element_type=\"widget\" data-widget_type=\"text-editor.default\">\n\t\t\t\t<div class=\"elementor-widget-container\">\n\t\t\t\t\t\t\t<p>Text: Magnus Nilsson<\/p>\t\t\t\t\t\t<\/div>\n\t\t\t\t<\/div>\n\t\t\t\t\t<\/div>\n\t\t<\/div>\n\t\t\t\t\t<\/div>\n\t\t<\/section>\n\t\t\t\t<section class=\"elementor-section elementor-top-section elementor-element elementor-element-1aca12fd elementor-section-boxed elementor-section-height-default elementor-section-height-default\" data-id=\"1aca12fd\" data-element_type=\"section\">\n\t\t\t\t\t\t<div class=\"elementor-container elementor-column-gap-no\">\n\t\t\t\t\t<div class=\"elementor-column elementor-col-100 elementor-top-column elementor-element elementor-element-4a183e0f\" data-id=\"4a183e0f\" data-element_type=\"column\">\n\t\t\t<div class=\"elementor-widget-wrap elementor-element-populated\">\n\t\t\t\t\t\t<div class=\"elementor-element elementor-element-516fe0f9 elementor-share-buttons--view-icon elementor-share-buttons--skin-minimal elementor-share-buttons--shape-circle elementor-share-buttons--align-center elementor-share-buttons--color-custom elementor-grid-0 elementor-widget elementor-widget-share-buttons\" data-id=\"516fe0f9\" data-element_type=\"widget\" data-widget_type=\"share-buttons.default\">\n\t\t\t\t<div class=\"elementor-widget-container\">\n\t\t\t\t\t<div class=\"elementor-grid\">\n\t\t\t\t\t\t\t\t<div class=\"elementor-grid-item\">\n\t\t\t\t\t\t<div\n\t\t\t\t\t\t\tclass=\"elementor-share-btn elementor-share-btn_email\"\n\t\t\t\t\t\t\trole=\"button\"\n\t\t\t\t\t\t\ttabindex=\"0\"\n\t\t\t\t\t\t\taria-label=\"Dela p\u00e5 email\"\n\t\t\t\t\t\t>\n\t\t\t\t\t\t\t\t\t\t\t\t\t\t\t<span class=\"elementor-share-btn__icon\">\n\t\t\t\t\t\t\t\t<svg class=\"e-font-icon-svg e-fas-envelope\" viewBox=\"0 0 512 512\" xmlns=\"http:\/\/www.w3.org\/2000\/svg\"><path d=\"M502.3 190.8c3.9-3.1 9.7-.2 9.7 4.7V400c0 26.5-21.5 48-48 48H48c-26.5 0-48-21.5-48-48V195.6c0-5 5.7-7.8 9.7-4.7 22.4 17.4 52.1 39.5 154.1 113.6 21.1 15.4 56.7 47.8 92.2 47.6 35.7.3 72-32.8 92.3-47.6 102-74.1 131.6-96.3 154-113.7zM256 320c23.2.4 56.6-29.2 73.4-41.4 132.7-96.3 142.8-104.7 173.4-128.7 5.8-4.5 9.2-11.5 9.2-18.9v-19c0-26.5-21.5-48-48-48H48C21.5 64 0 85.5 0 112v19c0 7.4 3.4 14.3 9.2 18.9 30.6 23.9 40.7 32.4 173.4 128.7 16.8 12.2 50.2 41.8 73.4 41.4z\"><\/path><\/svg>\t\t\t\t\t\t\t<\/span>\n\t\t\t\t\t\t\t\t\t\t\t\t\t\t\t\t\t\t\t\t<\/div>\n\t\t\t\t\t<\/div>\n\t\t\t\t\t\t\t\t\t<div class=\"elementor-grid-item\">\n\t\t\t\t\t\t<div\n\t\t\t\t\t\t\tclass=\"elementor-share-btn elementor-share-btn_facebook\"\n\t\t\t\t\t\t\trole=\"button\"\n\t\t\t\t\t\t\ttabindex=\"0\"\n\t\t\t\t\t\t\taria-label=\"Dela p\u00e5 facebook\"\n\t\t\t\t\t\t>\n\t\t\t\t\t\t\t\t\t\t\t\t\t\t\t<span class=\"elementor-share-btn__icon\">\n\t\t\t\t\t\t\t\t<svg class=\"e-font-icon-svg e-fab-facebook\" viewBox=\"0 0 512 512\" xmlns=\"http:\/\/www.w3.org\/2000\/svg\"><path d=\"M504 256C504 119 393 8 256 8S8 119 8 256c0 123.78 90.69 226.38 209.25 245V327.69h-63V256h63v-54.64c0-62.15 37-96.48 93.67-96.48 27.14 0 55.52 4.84 55.52 4.84v61h-31.28c-30.8 0-40.41 19.12-40.41 38.73V256h68.78l-11 71.69h-57.78V501C413.31 482.38 504 379.78 504 256z\"><\/path><\/svg>\t\t\t\t\t\t\t<\/span>\n\t\t\t\t\t\t\t\t\t\t\t\t\t\t\t\t\t\t\t\t<\/div>\n\t\t\t\t\t<\/div>\n\t\t\t\t\t\t\t\t\t<div class=\"elementor-grid-item\">\n\t\t\t\t\t\t<div\n\t\t\t\t\t\t\tclass=\"elementor-share-btn elementor-share-btn_x-twitter\"\n\t\t\t\t\t\t\trole=\"button\"\n\t\t\t\t\t\t\ttabindex=\"0\"\n\t\t\t\t\t\t\taria-label=\"Dela p\u00e5 x-twitter\"\n\t\t\t\t\t\t>\n\t\t\t\t\t\t\t\t\t\t\t\t\t\t\t<span class=\"elementor-share-btn__icon\">\n\t\t\t\t\t\t\t\t<svg class=\"e-font-icon-svg e-fab-x-twitter\" viewBox=\"0 0 512 512\" xmlns=\"http:\/\/www.w3.org\/2000\/svg\"><path d=\"M389.2 48h70.6L305.6 224.2 487 464H345L233.7 318.6 106.5 464H35.8L200.7 275.5 26.8 48H172.4L272.9 180.9 389.2 48zM364.4 421.8h39.1L151.1 88h-42L364.4 421.8z\"><\/path><\/svg>\t\t\t\t\t\t\t<\/span>\n\t\t\t\t\t\t\t\t\t\t\t\t\t\t\t\t\t\t\t\t<\/div>\n\t\t\t\t\t<\/div>\n\t\t\t\t\t\t\t\t\t<div class=\"elementor-grid-item\">\n\t\t\t\t\t\t<div\n\t\t\t\t\t\t\tclass=\"elementor-share-btn elementor-share-btn_linkedin\"\n\t\t\t\t\t\t\trole=\"button\"\n\t\t\t\t\t\t\ttabindex=\"0\"\n\t\t\t\t\t\t\taria-label=\"Dela p\u00e5 linkedin\"\n\t\t\t\t\t\t>\n\t\t\t\t\t\t\t\t\t\t\t\t\t\t\t<span class=\"elementor-share-btn__icon\">\n\t\t\t\t\t\t\t\t<svg class=\"e-font-icon-svg e-fab-linkedin\" viewBox=\"0 0 448 512\" xmlns=\"http:\/\/www.w3.org\/2000\/svg\"><path d=\"M416 32H31.9C14.3 32 0 46.5 0 64.3v383.4C0 465.5 14.3 480 31.9 480H416c17.6 0 32-14.5 32-32.3V64.3c0-17.8-14.4-32.3-32-32.3zM135.4 416H69V202.2h66.5V416zm-33.2-243c-21.3 0-38.5-17.3-38.5-38.5S80.9 96 102.2 96c21.2 0 38.5 17.3 38.5 38.5 0 21.3-17.2 38.5-38.5 38.5zm282.1 243h-66.4V312c0-24.8-.5-56.7-34.5-56.7-34.6 0-39.9 27-39.9 54.9V416h-66.4V202.2h63.7v29.2h.9c8.9-16.8 30.6-34.5 62.9-34.5 67.2 0 79.7 44.3 79.7 101.9V416z\"><\/path><\/svg>\t\t\t\t\t\t\t<\/span>\n\t\t\t\t\t\t\t\t\t\t\t\t\t\t\t\t\t\t\t\t<\/div>\n\t\t\t\t\t<\/div>\n\t\t\t\t\t\t<\/div>\n\t\t\t\t<\/div>\n\t\t\t\t<\/div>\n\t\t\t\t\t<\/div>\n\t\t<\/div>\n\t\t\t\t\t<\/div>\n\t\t<\/section>\n\t\t\t\t<\/div>\n\t\t","protected":false},"excerpt":{"rendered":"<p>Hanna Hjort Koverberg \u00e4r projektledare f\u00f6r K\u00e4llberga p\u00e5 Nyn\u00e4shamns kommun. K\u00e4llberga \u2013 en helt ny stadsdel i Nyn\u00e4shamns kommun Fullt utbyggd kommer runt 3\u00a0000 m\u00e4nniskor att bo i K\u00e4llberga, \u00f6ster om \u00d6smo. En helt ny sm\u00e5skalig naturn\u00e4ra stadsdel som Nyn\u00e4shamns kommun tagit initiativ till. I augusti \u00f6ppnar en ny f\u00f6rskola och skola och 49 villor [&hellip;]<\/p>\n","protected":false},"author":2,"featured_media":89,"parent":0,"menu_order":0,"comment_status":"closed","ping_status":"closed","template":"elementor_theme","meta":{"footnotes":""},"class_list":["post-156","page","type-page","status-publish","has-post-thumbnail","hentry"],"_links":{"self":[{"href":"https:\/\/nynashamnvaxer.nu\/index.php\/wp-json\/wp\/v2\/pages\/156","targetHints":{"allow":["GET"]}}],"collection":[{"href":"https:\/\/nynashamnvaxer.nu\/index.php\/wp-json\/wp\/v2\/pages"}],"about":[{"href":"https:\/\/nynashamnvaxer.nu\/index.php\/wp-json\/wp\/v2\/types\/page"}],"author":[{"embeddable":true,"href":"https:\/\/nynashamnvaxer.nu\/index.php\/wp-json\/wp\/v2\/users\/2"}],"replies":[{"embeddable":true,"href":"https:\/\/nynashamnvaxer.nu\/index.php\/wp-json\/wp\/v2\/comments?post=156"}],"version-history":[{"count":4,"href":"https:\/\/nynashamnvaxer.nu\/index.php\/wp-json\/wp\/v2\/pages\/156\/revisions"}],"predecessor-version":[{"id":161,"href":"https:\/\/nynashamnvaxer.nu\/index.php\/wp-json\/wp\/v2\/pages\/156\/revisions\/161"}],"wp:featuredmedia":[{"embeddable":true,"href":"https:\/\/nynashamnvaxer.nu\/index.php\/wp-json\/wp\/v2\/media\/89"}],"wp:attachment":[{"href":"https:\/\/nynashamnvaxer.nu\/index.php\/wp-json\/wp\/v2\/media?parent=156"}],"curies":[{"name":"wp","href":"https:\/\/api.w.org\/{rel}","templated":true}]}}