{"id":162,"date":"2024-06-26T11:37:08","date_gmt":"2024-06-26T09:37:08","guid":{"rendered":"https:\/\/nynashamnvaxer.nu\/?page_id=162"},"modified":"2024-06-26T11:42:48","modified_gmt":"2024-06-26T09:42:48","slug":"spektakulart-boende-med-milsvid-havsutsikt-och-industriella-detaljer","status":"publish","type":"page","link":"https:\/\/nynashamnvaxer.nu\/index.php\/spektakulart-boende-med-milsvid-havsutsikt-och-industriella-detaljer\/","title":{"rendered":"Spektakul\u00e4rt boende med milsvid havsutsikt och industriella detaljer"},"content":{"rendered":"\t\t<div data-elementor-type=\"wp-page\" data-elementor-id=\"162\" class=\"elementor elementor-162\" data-elementor-post-type=\"page\">\n\t\t\t\t\t\t<section class=\"elementor-section elementor-top-section elementor-element elementor-element-6df90ec elementor-section-boxed elementor-section-height-default elementor-section-height-default\" data-id=\"6df90ec\" data-element_type=\"section\">\n\t\t\t\t\t\t<div class=\"elementor-container elementor-column-gap-no\">\n\t\t\t\t\t<div class=\"elementor-column elementor-col-100 elementor-top-column elementor-element elementor-element-44f7d6df\" data-id=\"44f7d6df\" data-element_type=\"column\">\n\t\t\t<div class=\"elementor-widget-wrap elementor-element-populated\">\n\t\t\t\t\t\t<div class=\"elementor-element elementor-element-293f4b4e elementor-widget elementor-widget-heading\" data-id=\"293f4b4e\" data-element_type=\"widget\" data-widget_type=\"heading.default\">\n\t\t\t\t<div class=\"elementor-widget-container\">\n\t\t\t<h3 class=\"elementor-heading-title elementor-size-default\">Den h\u00e4r sidan \u00e4r en annons<\/h3>\t\t<\/div>\n\t\t\t\t<\/div>\n\t\t\t\t<div class=\"elementor-element elementor-element-7bc87ddd elementor-widget elementor-widget-heading\" data-id=\"7bc87ddd\" data-element_type=\"widget\" data-widget_type=\"heading.default\">\n\t\t\t\t<div class=\"elementor-widget-container\">\n\t\t\t<h2 class=\"elementor-heading-title elementor-size-default\">Nu b\u00f6rjar bostadsutvecklingen av Nyn\u00e4shamns landm\u00e4rke: Telis historiska huvudkontor bredvid Teletornet och stadsdelscentret Sj\u00f6telegrafen.<\/h2>\t\t<\/div>\n\t\t\t\t<\/div>\n\t\t\t\t<div class=\"elementor-element elementor-element-41da55c8 elementor-widget elementor-widget-image\" data-id=\"41da55c8\" data-element_type=\"widget\" data-widget_type=\"image.default\">\n\t\t\t\t<div class=\"elementor-widget-container\">\n\t\t\t\t\t\t\t\t\t\t\t\t\t<img fetchpriority=\"high\" decoding=\"async\" width=\"2080\" height=\"1386\" src=\"https:\/\/nynashamnvaxer.nu\/wp-content\/uploads\/2024\/06\/svenska-hus-1.webp\" class=\"attachment-full size-full wp-image-117\" alt=\"\" srcset=\"https:\/\/nynashamnvaxer.nu\/wp-content\/uploads\/2024\/06\/svenska-hus-1.webp 2080w, https:\/\/nynashamnvaxer.nu\/wp-content\/uploads\/2024\/06\/svenska-hus-1-300x200.webp 300w, https:\/\/nynashamnvaxer.nu\/wp-content\/uploads\/2024\/06\/svenska-hus-1-1024x682.webp 1024w, https:\/\/nynashamnvaxer.nu\/wp-content\/uploads\/2024\/06\/svenska-hus-1-768x512.webp 768w, https:\/\/nynashamnvaxer.nu\/wp-content\/uploads\/2024\/06\/svenska-hus-1-1536x1024.webp 1536w, https:\/\/nynashamnvaxer.nu\/wp-content\/uploads\/2024\/06\/svenska-hus-1-2048x1365.webp 2048w\" sizes=\"(max-width: 2080px) 100vw, 2080px\" \/>\t\t\t\t\t\t\t\t\t\t\t\t\t<\/div>\n\t\t\t\t<\/div>\n\t\t\t\t<div class=\"elementor-element elementor-element-6e440bf8 elementor-widget elementor-widget-text-editor\" data-id=\"6e440bf8\" data-element_type=\"widget\" data-widget_type=\"text-editor.default\">\n\t\t\t\t<div class=\"elementor-widget-container\">\n\t\t\t\t\t\t\t<p>Telis f\u00f6re detta huvudkontor fr\u00e5n 1938 g\u00f6rs nu om till unika bost\u00e4der av fastighetsbolaget Svenska Hus. (Foto: Rosie Alm)<\/p>\t\t\t\t\t\t<\/div>\n\t\t\t\t<\/div>\n\t\t\t\t\t<\/div>\n\t\t<\/div>\n\t\t\t\t\t<\/div>\n\t\t<\/section>\n\t\t\t\t<section class=\"elementor-section elementor-top-section elementor-element elementor-element-50ac6084 elementor-section-boxed elementor-section-height-default elementor-section-height-default\" data-id=\"50ac6084\" data-element_type=\"section\">\n\t\t\t\t\t\t<div class=\"elementor-container elementor-column-gap-no\">\n\t\t\t\t\t<div class=\"elementor-column elementor-col-100 elementor-top-column elementor-element elementor-element-2d52bfb1\" data-id=\"2d52bfb1\" data-element_type=\"column\">\n\t\t\t<div class=\"elementor-widget-wrap elementor-element-populated\">\n\t\t\t\t\t\t<div class=\"elementor-element elementor-element-4e8a9e44 elementor-widget elementor-widget-heading\" data-id=\"4e8a9e44\" data-element_type=\"widget\" data-widget_type=\"heading.default\">\n\t\t\t\t<div class=\"elementor-widget-container\">\n\t\t\t<h1 class=\"elementor-heading-title elementor-size-default\">Spektakul\u00e4rt boende med milsvid havsutsikt och industriella detaljer<\/h1>\t\t<\/div>\n\t\t\t\t<\/div>\n\t\t\t\t\t<\/div>\n\t\t<\/div>\n\t\t\t\t\t<\/div>\n\t\t<\/section>\n\t\t\t\t<section class=\"elementor-section elementor-top-section elementor-element elementor-element-5f888671 elementor-section-boxed elementor-section-height-default elementor-section-height-default\" data-id=\"5f888671\" data-element_type=\"section\">\n\t\t\t\t\t\t<div class=\"elementor-container elementor-column-gap-no\">\n\t\t\t\t\t<div class=\"elementor-column elementor-col-100 elementor-top-column elementor-element elementor-element-4c2cdd67\" data-id=\"4c2cdd67\" data-element_type=\"column\">\n\t\t\t<div class=\"elementor-widget-wrap elementor-element-populated\">\n\t\t\t\t\t\t<div class=\"elementor-element elementor-element-7ff60e7 elementor-widget elementor-widget-text-editor\" data-id=\"7ff60e7\" data-element_type=\"widget\" data-widget_type=\"text-editor.default\">\n\t\t\t\t<div class=\"elementor-widget-container\">\n\t\t\t\t\t\t\t<p class=\"p1\"><b>Nyn\u00e4shamns andra stadsk\u00e4rna, Telegrafenomr\u00e5det, genomg\u00e5r f\u00f6r n\u00e4rvarande en omvandling med bost\u00e4der, stadsutveckling och handel. Fastighetsbolaget Svenska <\/b><span class=\"s1\"><b>Hus f\u00f6rvandlar nu Telis vita kontors<\/b><\/span><b>\u00adbyggnader till l\u00e4genheter och stadsradhus med Nyn\u00e4shamns kanske b\u00e4sta l\u00e4ge.<\/b><\/p>\t\t\t\t\t\t<\/div>\n\t\t\t\t<\/div>\n\t\t\t\t<div class=\"elementor-element elementor-element-91a3918 elementor-drop-cap-yes elementor-drop-cap-view-default elementor-widget elementor-widget-text-editor\" data-id=\"91a3918\" data-element_type=\"widget\" data-settings=\"{&quot;drop_cap&quot;:&quot;yes&quot;}\" data-widget_type=\"text-editor.default\">\n\t\t\t\t<div class=\"elementor-widget-container\">\n\t\t\t\t\t\t\t<p>R<span class=\"s1\"><b>unt 250 l\u00e4genheter <\/b><\/span><span class=\"s2\">v\u00e4ntas det bli i de tre f\u00f6re detta kontorshusen p\u00e5 Industriv\u00e4gen samt p\u00e5 angr\u00e4nsande mark. F\u00f6rst ut \u00e4r det historiska huvudkontoret, en funktionalistisk p\u00e4rla fr\u00e5n 1938 med planerad takterrass mot havet. H\u00e4r ska det bli 76 hyresl\u00e4genheter av varierande storlek med planerad inflyttning h\u00f6sten 2025. Bost\u00e4derna l\u00e4ggs ut p\u00e5 bland annat Bostadsf\u00f6rmedlingen och Svenska Hus blir hyresv\u00e4rd.<\/span><\/p><p class=\"p2\"><span class=\"s3\">\u00c4ven de tv\u00e5 nyare kontorsstommarna <\/span>kommer att \u00e5terbrukas och utvecklas med nya funktioner och fastighetens parkeringsytor bebyggas med radhus och flerbostadshus i den vackra sk\u00e4rg\u00e5rdsmilj\u00f6n.<\/p><p class=\"p2\"><span class=\"s2\">\u2013 Utsikten uppe fr\u00e5n taket \u00e4r enorm s\u00e5 det kommer att bli en v\u00e4ldigt maffig och h\u00e4rlig plats att h\u00e4nga p\u00e5 f\u00f6r de boende. N\u00e4r jag var uppe d\u00e4r h\u00e4romdagen s\u00e5g jag Gotlandsf\u00e4rjan glida f\u00f6rbi d\u00e4r nere och bakom den sk\u00e4rg\u00e5rd och \u00f6ppet hav s\u00e5 l\u00e5ngt man kunde se, s\u00e4ger Niklas Gahm, Fastighetsutvecklingschef, p\u00e5 Svenska Hus i Stockholm AB.<\/span><\/p><p class=\"p4\"><b><i>F\u00e5r l\u00e4genheterna ocks\u00e5 havsutsikt?<br \/><\/i><\/b>\u2013 Ja, de allra flesta. Och det i en h\u00e4rlig industriell funkismilj\u00f6 med j\u00e4ttestora f\u00f6nster och en takh\u00f6jd p\u00e5 3,5 meter. Alla boendemilj\u00f6er har ju sina kvaliteter men det h\u00e4r \u00e4r verkligen n\u00e5got extra. Det \u00e4r verkligen en f\u00f6rm\u00e5n att vi p\u00e5 Svenska Hus har f\u00e5tt m\u00f6jlighet att g\u00e5 in och bygga den sista pusselbiten i Telegrafenomr\u00e5det och det i en av stadens finaste fastigheter, Telegrafen 7.<\/p>\t\t\t\t\t\t<\/div>\n\t\t\t\t<\/div>\n\t\t\t\t\t<\/div>\n\t\t<\/div>\n\t\t\t\t\t<\/div>\n\t\t<\/section>\n\t\t\t\t<section class=\"elementor-section elementor-top-section elementor-element elementor-element-7b1ff461 elementor-section-boxed elementor-section-height-default elementor-section-height-default\" data-id=\"7b1ff461\" data-element_type=\"section\">\n\t\t\t\t\t\t<div class=\"elementor-container elementor-column-gap-no\">\n\t\t\t\t\t<div class=\"elementor-column elementor-col-100 elementor-top-column elementor-element elementor-element-5f05210b\" data-id=\"5f05210b\" data-element_type=\"column\">\n\t\t\t<div class=\"elementor-widget-wrap elementor-element-populated\">\n\t\t\t\t\t\t<div class=\"elementor-element elementor-element-68eca2f8 elementor-widget elementor-widget-image\" data-id=\"68eca2f8\" data-element_type=\"widget\" data-widget_type=\"image.default\">\n\t\t\t\t<div class=\"elementor-widget-container\">\n\t\t\t\t\t\t\t\t\t\t\t\t\t<img decoding=\"async\" width=\"2080\" height=\"1386\" src=\"https:\/\/nynashamnvaxer.nu\/wp-content\/uploads\/2024\/06\/svenska-hus-2.webp\" class=\"attachment-full size-full wp-image-118\" alt=\"\" srcset=\"https:\/\/nynashamnvaxer.nu\/wp-content\/uploads\/2024\/06\/svenska-hus-2.webp 2080w, https:\/\/nynashamnvaxer.nu\/wp-content\/uploads\/2024\/06\/svenska-hus-2-300x200.webp 300w, https:\/\/nynashamnvaxer.nu\/wp-content\/uploads\/2024\/06\/svenska-hus-2-1024x682.webp 1024w, https:\/\/nynashamnvaxer.nu\/wp-content\/uploads\/2024\/06\/svenska-hus-2-768x512.webp 768w, https:\/\/nynashamnvaxer.nu\/wp-content\/uploads\/2024\/06\/svenska-hus-2-1536x1024.webp 1536w, https:\/\/nynashamnvaxer.nu\/wp-content\/uploads\/2024\/06\/svenska-hus-2-2048x1365.webp 2048w\" sizes=\"(max-width: 2080px) 100vw, 2080px\" \/>\t\t\t\t\t\t\t\t\t\t\t\t\t<\/div>\n\t\t\t\t<\/div>\n\t\t\t\t<div class=\"elementor-element elementor-element-31281132 elementor-widget elementor-widget-text-editor\" data-id=\"31281132\" data-element_type=\"widget\" data-widget_type=\"text-editor.default\">\n\t\t\t\t<div class=\"elementor-widget-container\">\n\t\t\t\t\t\t\t<p>Fantastisk havsutsikt fr\u00e5n b\u00e5de l\u00e4genheter och nybyggd takterrass g\u00f6r det till ett boende ut\u00f6ver det vanliga. (Foto: Rosie Alm)<\/p>\t\t\t\t\t\t<\/div>\n\t\t\t\t<\/div>\n\t\t\t\t\t<\/div>\n\t\t<\/div>\n\t\t\t\t\t<\/div>\n\t\t<\/section>\n\t\t\t\t<section class=\"elementor-section elementor-top-section elementor-element elementor-element-41a9f5a3 elementor-section-boxed elementor-section-height-default elementor-section-height-default\" data-id=\"41a9f5a3\" data-element_type=\"section\">\n\t\t\t\t\t\t<div class=\"elementor-container elementor-column-gap-no\">\n\t\t\t\t\t<div class=\"elementor-column elementor-col-100 elementor-top-column elementor-element elementor-element-1350e90a\" data-id=\"1350e90a\" data-element_type=\"column\">\n\t\t\t<div class=\"elementor-widget-wrap elementor-element-populated\">\n\t\t\t\t\t\t<div class=\"elementor-element elementor-element-3dae4d51 elementor-widget elementor-widget-text-editor\" data-id=\"3dae4d51\" data-element_type=\"widget\" data-widget_type=\"text-editor.default\">\n\t\t\t\t<div class=\"elementor-widget-container\">\n\t\t\t\t\t\t\t<p class=\"p1\"><b><i>Det l\u00e5ter exklusivt?<br \/><\/i><\/b>\u2013 Jo, det h\u00e4r skulle lika g\u00e4rna kunna vara dyra bostadsr\u00e4tter i centrala Stockholm. Kombinationen med havsutsikt, unik \u00e5terbrukad industrihistorisk bebyggelsemilj\u00f6 med g\u00e5ngavst\u00e5nd till pendelt\u00e5get till Stockholm g\u00f6r projektet attraktivt f\u00f6r m\u00e5nga.<\/p><p class=\"p1\"><b><i>Vilka kommer att flytta in i husen tror du?<br \/><\/i><\/b><span class=\"s1\">\u2013 Dels Nyn\u00e4shamnsbor med villa som s\u00f6ker ett bekymmersfritt mindre boende men inte k\u00e4nt att det finns n\u00e5got lockande alternativ bland ut\u00adbudet av l\u00e4genheter. Dels stockholmare som s\u00f6ker sig ut\u00e5t f\u00f6r att f\u00e5 lite mer livskvalitet. Nyn\u00e4shamn blir ju allt mer integrerad med storstadsregionen.<\/span><\/p><p class=\"p1\"><b><i>Telis gamla huvudkontor \u00e4r kulturskyddat, hur g\u00f6r ni f\u00f6r att bevara det?<br \/><\/i><\/b><span class=\"s2\">\u2013 Ja huset byggdes p\u00e5 1930-talet och anses s\u00e4rskilt v\u00e4rdefullt. Vi bevarar d\u00e4rf\u00f6r byggnadens tidstypiska funkis\u00adfasad och \u00e5terskapar ursprungliga indragna smidesbalkonger. I bottenv\u00e5ningen kommer vi d\u00e4remot att \u00f6ppna upp fasaden och utveckla stadsradhus med separata entr\u00e9er och f\u00f6rg\u00e5rdsmark mot gatan s\u00e5 byggnaden upplevs som en v\u00e4lkomnande bostadsmilj\u00f6. Interi\u00f6rt beh\u00e5ller vi detaljer som de vackra kalkstenstrapporna, f\u00f6nsterb\u00e4nkar av kalksten och allt fint som f\u00f6rh\u00f6jer byggnaden.<\/span><\/p><p class=\"p1\"><b><i>Vad h\u00e4nder med Teletornet bredvid?<br \/><\/i><\/b>\u2013 Det ska st\u00e5 kvar och beh\u00e5lla sitt ursprungliga utseende, Svenska Hus \u00e4ger marken men sj\u00e4lva tornet \u00e4gs av Telia.<\/p>\t\t\t\t\t\t<\/div>\n\t\t\t\t<\/div>\n\t\t\t\t\t<\/div>\n\t\t<\/div>\n\t\t\t\t\t<\/div>\n\t\t<\/section>\n\t\t\t\t<section class=\"elementor-section elementor-top-section elementor-element elementor-element-7e19916c elementor-section-boxed elementor-section-height-default elementor-section-height-default\" data-id=\"7e19916c\" data-element_type=\"section\">\n\t\t\t\t\t\t<div class=\"elementor-container elementor-column-gap-no\">\n\t\t\t\t\t<div class=\"elementor-column elementor-col-100 elementor-top-column elementor-element elementor-element-4c2df27a\" data-id=\"4c2df27a\" data-element_type=\"column\">\n\t\t\t<div class=\"elementor-widget-wrap elementor-element-populated\">\n\t\t\t\t\t\t<div class=\"elementor-element elementor-element-567ef3ba elementor-widget elementor-widget-image\" data-id=\"567ef3ba\" data-element_type=\"widget\" data-widget_type=\"image.default\">\n\t\t\t\t<div class=\"elementor-widget-container\">\n\t\t\t\t\t\t\t\t\t\t\t\t\t<img decoding=\"async\" width=\"2080\" height=\"1386\" src=\"https:\/\/nynashamnvaxer.nu\/wp-content\/uploads\/2024\/06\/svenska-hus-niklas-gahm.webp\" class=\"attachment-full size-full wp-image-120\" alt=\"\" srcset=\"https:\/\/nynashamnvaxer.nu\/wp-content\/uploads\/2024\/06\/svenska-hus-niklas-gahm.webp 2080w, https:\/\/nynashamnvaxer.nu\/wp-content\/uploads\/2024\/06\/svenska-hus-niklas-gahm-300x200.webp 300w, https:\/\/nynashamnvaxer.nu\/wp-content\/uploads\/2024\/06\/svenska-hus-niklas-gahm-1024x682.webp 1024w, https:\/\/nynashamnvaxer.nu\/wp-content\/uploads\/2024\/06\/svenska-hus-niklas-gahm-768x512.webp 768w, https:\/\/nynashamnvaxer.nu\/wp-content\/uploads\/2024\/06\/svenska-hus-niklas-gahm-1536x1024.webp 1536w, https:\/\/nynashamnvaxer.nu\/wp-content\/uploads\/2024\/06\/svenska-hus-niklas-gahm-2048x1365.webp 2048w\" sizes=\"(max-width: 2080px) 100vw, 2080px\" \/>\t\t\t\t\t\t\t\t\t\t\t\t\t<\/div>\n\t\t\t\t<\/div>\n\t\t\t\t<div class=\"elementor-element elementor-element-1d0faef3 elementor-widget elementor-widget-text-editor\" data-id=\"1d0faef3\" data-element_type=\"widget\" data-widget_type=\"text-editor.default\">\n\t\t\t\t<div class=\"elementor-widget-container\">\n\t\t\t\t\t\t\t<p>Niklas Gahm \u00e4r fastighetsutvecklingschef p\u00e5 Svenska Hus i Stockholm AB.<\/p>\t\t\t\t\t\t<\/div>\n\t\t\t\t<\/div>\n\t\t\t\t\t<\/div>\n\t\t<\/div>\n\t\t\t\t\t<\/div>\n\t\t<\/section>\n\t\t\t\t<section class=\"elementor-section elementor-top-section elementor-element elementor-element-3d096824 elementor-section-boxed elementor-section-height-default elementor-section-height-default\" data-id=\"3d096824\" data-element_type=\"section\">\n\t\t\t\t\t\t<div class=\"elementor-container elementor-column-gap-no\">\n\t\t\t\t\t<div class=\"elementor-column elementor-col-100 elementor-top-column elementor-element elementor-element-5316895b\" data-id=\"5316895b\" data-element_type=\"column\" data-settings=\"{&quot;background_background&quot;:&quot;classic&quot;}\">\n\t\t\t<div class=\"elementor-widget-wrap elementor-element-populated\">\n\t\t\t\t\t\t<div class=\"elementor-element elementor-element-3e294487 elementor-widget elementor-widget-heading\" data-id=\"3e294487\" data-element_type=\"widget\" data-widget_type=\"heading.default\">\n\t\t\t\t<div class=\"elementor-widget-container\">\n\t\t\t<h3 class=\"elementor-heading-title elementor-size-default\">Telis huvudkontor<\/h3>\t\t<\/div>\n\t\t\t\t<\/div>\n\t\t\t\t<div class=\"elementor-element elementor-element-8d653cb elementor-widget elementor-widget-text-editor\" data-id=\"8d653cb\" data-element_type=\"widget\" data-widget_type=\"text-editor.default\">\n\t\t\t\t<div class=\"elementor-widget-container\">\n\t\t\t\t\t\t\t<p>N\u00e4r d\u00e5varande Televerket flyttade sin verksamhet fr\u00e5n Stockholm till Nyn\u00e4shamn 1913 blev de stadens st\u00f6rsta arbetsgivare. Huvudkontoret p\u00e5 Industriv\u00e4gen stod klart 1938 och \u00e4r ritat av Yngve Ahlbom. De \u00f6versta tv\u00e5 v\u00e5ningarna tillkom 1963. De tv\u00e5 andra kontorshusen \u00e4r fr\u00e5n 1980-talet. Teli AB, var Televerkets tillverkningsindustri.<\/p>\t\t\t\t\t\t<\/div>\n\t\t\t\t<\/div>\n\t\t\t\t\t<\/div>\n\t\t<\/div>\n\t\t\t\t\t<\/div>\n\t\t<\/section>\n\t\t\t\t<section class=\"elementor-section elementor-top-section elementor-element elementor-element-ff174be elementor-section-boxed elementor-section-height-default elementor-section-height-default\" data-id=\"ff174be\" data-element_type=\"section\">\n\t\t\t\t\t\t<div class=\"elementor-container elementor-column-gap-no\">\n\t\t\t\t\t<div class=\"elementor-column elementor-col-100 elementor-top-column elementor-element elementor-element-6a5cd91b\" data-id=\"6a5cd91b\" data-element_type=\"column\">\n\t\t\t<div class=\"elementor-widget-wrap elementor-element-populated\">\n\t\t\t\t\t\t<div class=\"elementor-element elementor-element-1677639d elementor-widget elementor-widget-image\" data-id=\"1677639d\" data-element_type=\"widget\" data-widget_type=\"image.default\">\n\t\t\t\t<div class=\"elementor-widget-container\">\n\t\t\t\t\t\t\t\t\t\t\t\t\t<img loading=\"lazy\" decoding=\"async\" width=\"400\" height=\"133\" src=\"https:\/\/nynashamnvaxer.nu\/wp-content\/uploads\/2024\/06\/svenska-hus-logo.png\" class=\"attachment-full size-full wp-image-119\" alt=\"\" srcset=\"https:\/\/nynashamnvaxer.nu\/wp-content\/uploads\/2024\/06\/svenska-hus-logo.png 400w, https:\/\/nynashamnvaxer.nu\/wp-content\/uploads\/2024\/06\/svenska-hus-logo-300x100.png 300w\" sizes=\"(max-width: 400px) 100vw, 400px\" \/>\t\t\t\t\t\t\t\t\t\t\t\t\t<\/div>\n\t\t\t\t<\/div>\n\t\t\t\t<div class=\"elementor-element elementor-element-4a7d10e elementor-widget elementor-widget-text-editor\" data-id=\"4a7d10e\" data-element_type=\"widget\" data-widget_type=\"text-editor.default\">\n\t\t\t\t<div class=\"elementor-widget-container\">\n\t\t\t\t\t\t\t<p><a href=\"http:\/\/www.svenskahus.se\" target=\"_blank\" rel=\"noopener\">www.svenskahus.se<\/a><\/p>\t\t\t\t\t\t<\/div>\n\t\t\t\t<\/div>\n\t\t\t\t\t<\/div>\n\t\t<\/div>\n\t\t\t\t\t<\/div>\n\t\t<\/section>\n\t\t\t\t<section class=\"elementor-section elementor-top-section elementor-element elementor-element-5be6ff62 elementor-section-boxed elementor-section-height-default elementor-section-height-default\" data-id=\"5be6ff62\" data-element_type=\"section\">\n\t\t\t\t\t\t<div class=\"elementor-container elementor-column-gap-no\">\n\t\t\t\t\t<div class=\"elementor-column elementor-col-100 elementor-top-column elementor-element elementor-element-3c64f1d1\" data-id=\"3c64f1d1\" data-element_type=\"column\">\n\t\t\t<div class=\"elementor-widget-wrap elementor-element-populated\">\n\t\t\t\t\t\t<div class=\"elementor-element elementor-element-1c42023 elementor-share-buttons--view-icon elementor-share-buttons--skin-minimal elementor-share-buttons--shape-circle elementor-share-buttons--align-center elementor-share-buttons--color-custom elementor-grid-0 elementor-widget elementor-widget-share-buttons\" data-id=\"1c42023\" data-element_type=\"widget\" data-widget_type=\"share-buttons.default\">\n\t\t\t\t<div class=\"elementor-widget-container\">\n\t\t\t\t\t<div class=\"elementor-grid\">\n\t\t\t\t\t\t\t\t<div class=\"elementor-grid-item\">\n\t\t\t\t\t\t<div\n\t\t\t\t\t\t\tclass=\"elementor-share-btn elementor-share-btn_email\"\n\t\t\t\t\t\t\trole=\"button\"\n\t\t\t\t\t\t\ttabindex=\"0\"\n\t\t\t\t\t\t\taria-label=\"Dela p\u00e5 email\"\n\t\t\t\t\t\t>\n\t\t\t\t\t\t\t\t\t\t\t\t\t\t\t<span class=\"elementor-share-btn__icon\">\n\t\t\t\t\t\t\t\t<svg class=\"e-font-icon-svg e-fas-envelope\" viewBox=\"0 0 512 512\" xmlns=\"http:\/\/www.w3.org\/2000\/svg\"><path d=\"M502.3 190.8c3.9-3.1 9.7-.2 9.7 4.7V400c0 26.5-21.5 48-48 48H48c-26.5 0-48-21.5-48-48V195.6c0-5 5.7-7.8 9.7-4.7 22.4 17.4 52.1 39.5 154.1 113.6 21.1 15.4 56.7 47.8 92.2 47.6 35.7.3 72-32.8 92.3-47.6 102-74.1 131.6-96.3 154-113.7zM256 320c23.2.4 56.6-29.2 73.4-41.4 132.7-96.3 142.8-104.7 173.4-128.7 5.8-4.5 9.2-11.5 9.2-18.9v-19c0-26.5-21.5-48-48-48H48C21.5 64 0 85.5 0 112v19c0 7.4 3.4 14.3 9.2 18.9 30.6 23.9 40.7 32.4 173.4 128.7 16.8 12.2 50.2 41.8 73.4 41.4z\"><\/path><\/svg>\t\t\t\t\t\t\t<\/span>\n\t\t\t\t\t\t\t\t\t\t\t\t\t\t\t\t\t\t\t\t<\/div>\n\t\t\t\t\t<\/div>\n\t\t\t\t\t\t\t\t\t<div class=\"elementor-grid-item\">\n\t\t\t\t\t\t<div\n\t\t\t\t\t\t\tclass=\"elementor-share-btn elementor-share-btn_facebook\"\n\t\t\t\t\t\t\trole=\"button\"\n\t\t\t\t\t\t\ttabindex=\"0\"\n\t\t\t\t\t\t\taria-label=\"Dela p\u00e5 facebook\"\n\t\t\t\t\t\t>\n\t\t\t\t\t\t\t\t\t\t\t\t\t\t\t<span class=\"elementor-share-btn__icon\">\n\t\t\t\t\t\t\t\t<svg class=\"e-font-icon-svg e-fab-facebook\" viewBox=\"0 0 512 512\" xmlns=\"http:\/\/www.w3.org\/2000\/svg\"><path d=\"M504 256C504 119 393 8 256 8S8 119 8 256c0 123.78 90.69 226.38 209.25 245V327.69h-63V256h63v-54.64c0-62.15 37-96.48 93.67-96.48 27.14 0 55.52 4.84 55.52 4.84v61h-31.28c-30.8 0-40.41 19.12-40.41 38.73V256h68.78l-11 71.69h-57.78V501C413.31 482.38 504 379.78 504 256z\"><\/path><\/svg>\t\t\t\t\t\t\t<\/span>\n\t\t\t\t\t\t\t\t\t\t\t\t\t\t\t\t\t\t\t\t<\/div>\n\t\t\t\t\t<\/div>\n\t\t\t\t\t\t\t\t\t<div class=\"elementor-grid-item\">\n\t\t\t\t\t\t<div\n\t\t\t\t\t\t\tclass=\"elementor-share-btn elementor-share-btn_x-twitter\"\n\t\t\t\t\t\t\trole=\"button\"\n\t\t\t\t\t\t\ttabindex=\"0\"\n\t\t\t\t\t\t\taria-label=\"Dela p\u00e5 x-twitter\"\n\t\t\t\t\t\t>\n\t\t\t\t\t\t\t\t\t\t\t\t\t\t\t<span class=\"elementor-share-btn__icon\">\n\t\t\t\t\t\t\t\t<svg class=\"e-font-icon-svg e-fab-x-twitter\" viewBox=\"0 0 512 512\" xmlns=\"http:\/\/www.w3.org\/2000\/svg\"><path d=\"M389.2 48h70.6L305.6 224.2 487 464H345L233.7 318.6 106.5 464H35.8L200.7 275.5 26.8 48H172.4L272.9 180.9 389.2 48zM364.4 421.8h39.1L151.1 88h-42L364.4 421.8z\"><\/path><\/svg>\t\t\t\t\t\t\t<\/span>\n\t\t\t\t\t\t\t\t\t\t\t\t\t\t\t\t\t\t\t\t<\/div>\n\t\t\t\t\t<\/div>\n\t\t\t\t\t\t\t\t\t<div class=\"elementor-grid-item\">\n\t\t\t\t\t\t<div\n\t\t\t\t\t\t\tclass=\"elementor-share-btn elementor-share-btn_linkedin\"\n\t\t\t\t\t\t\trole=\"button\"\n\t\t\t\t\t\t\ttabindex=\"0\"\n\t\t\t\t\t\t\taria-label=\"Dela p\u00e5 linkedin\"\n\t\t\t\t\t\t>\n\t\t\t\t\t\t\t\t\t\t\t\t\t\t\t<span class=\"elementor-share-btn__icon\">\n\t\t\t\t\t\t\t\t<svg class=\"e-font-icon-svg e-fab-linkedin\" viewBox=\"0 0 448 512\" xmlns=\"http:\/\/www.w3.org\/2000\/svg\"><path d=\"M416 32H31.9C14.3 32 0 46.5 0 64.3v383.4C0 465.5 14.3 480 31.9 480H416c17.6 0 32-14.5 32-32.3V64.3c0-17.8-14.4-32.3-32-32.3zM135.4 416H69V202.2h66.5V416zm-33.2-243c-21.3 0-38.5-17.3-38.5-38.5S80.9 96 102.2 96c21.2 0 38.5 17.3 38.5 38.5 0 21.3-17.2 38.5-38.5 38.5zm282.1 243h-66.4V312c0-24.8-.5-56.7-34.5-56.7-34.6 0-39.9 27-39.9 54.9V416h-66.4V202.2h63.7v29.2h.9c8.9-16.8 30.6-34.5 62.9-34.5 67.2 0 79.7 44.3 79.7 101.9V416z\"><\/path><\/svg>\t\t\t\t\t\t\t<\/span>\n\t\t\t\t\t\t\t\t\t\t\t\t\t\t\t\t\t\t\t\t<\/div>\n\t\t\t\t\t<\/div>\n\t\t\t\t\t\t<\/div>\n\t\t\t\t<\/div>\n\t\t\t\t<\/div>\n\t\t\t\t\t<\/div>\n\t\t<\/div>\n\t\t\t\t\t<\/div>\n\t\t<\/section>\n\t\t\t\t<\/div>\n\t\t","protected":false},"excerpt":{"rendered":"<p>Den h\u00e4r sidan \u00e4r en annons Nu b\u00f6rjar bostadsutvecklingen av Nyn\u00e4shamns landm\u00e4rke: Telis historiska huvudkontor bredvid Teletornet och stadsdelscentret Sj\u00f6telegrafen. Telis f\u00f6re detta huvudkontor fr\u00e5n 1938 g\u00f6rs nu om till unika bost\u00e4der av fastighetsbolaget Svenska Hus. (Foto: Rosie Alm) Spektakul\u00e4rt boende med milsvid havsutsikt och industriella detaljer Nyn\u00e4shamns andra stadsk\u00e4rna, Telegrafenomr\u00e5det, genomg\u00e5r f\u00f6r n\u00e4rvarande en [&hellip;]<\/p>\n","protected":false},"author":2,"featured_media":117,"parent":0,"menu_order":0,"comment_status":"closed","ping_status":"closed","template":"elementor_theme","meta":{"footnotes":""},"class_list":["post-162","page","type-page","status-publish","has-post-thumbnail","hentry"],"_links":{"self":[{"href":"https:\/\/nynashamnvaxer.nu\/index.php\/wp-json\/wp\/v2\/pages\/162","targetHints":{"allow":["GET"]}}],"collection":[{"href":"https:\/\/nynashamnvaxer.nu\/index.php\/wp-json\/wp\/v2\/pages"}],"about":[{"href":"https:\/\/nynashamnvaxer.nu\/index.php\/wp-json\/wp\/v2\/types\/page"}],"author":[{"embeddable":true,"href":"https:\/\/nynashamnvaxer.nu\/index.php\/wp-json\/wp\/v2\/users\/2"}],"replies":[{"embeddable":true,"href":"https:\/\/nynashamnvaxer.nu\/index.php\/wp-json\/wp\/v2\/comments?post=162"}],"version-history":[{"count":4,"href":"https:\/\/nynashamnvaxer.nu\/index.php\/wp-json\/wp\/v2\/pages\/162\/revisions"}],"predecessor-version":[{"id":167,"href":"https:\/\/nynashamnvaxer.nu\/index.php\/wp-json\/wp\/v2\/pages\/162\/revisions\/167"}],"wp:featuredmedia":[{"embeddable":true,"href":"https:\/\/nynashamnvaxer.nu\/index.php\/wp-json\/wp\/v2\/media\/117"}],"wp:attachment":[{"href":"https:\/\/nynashamnvaxer.nu\/index.php\/wp-json\/wp\/v2\/media?parent=162"}],"curies":[{"name":"wp","href":"https:\/\/api.w.org\/{rel}","templated":true}]}}