{"id":198,"date":"2024-06-26T13:04:02","date_gmt":"2024-06-26T11:04:02","guid":{"rendered":"https:\/\/nynashamnvaxer.nu\/?page_id=198"},"modified":"2024-06-26T13:06:44","modified_gmt":"2024-06-26T11:06:44","slug":"fordel-nynashamn-som-foretagare","status":"publish","type":"page","link":"https:\/\/nynashamnvaxer.nu\/index.php\/fordel-nynashamn-som-foretagare\/","title":{"rendered":"F\u00f6rdel Nyn\u00e4shamn som f\u00f6retagare"},"content":{"rendered":"\t\t<div data-elementor-type=\"wp-page\" data-elementor-id=\"198\" class=\"elementor elementor-198\" data-elementor-post-type=\"page\">\n\t\t\t\t\t\t<section class=\"elementor-section elementor-top-section elementor-element elementor-element-79585533 elementor-section-boxed elementor-section-height-default elementor-section-height-default\" data-id=\"79585533\" data-element_type=\"section\">\n\t\t\t\t\t\t<div class=\"elementor-container elementor-column-gap-no\">\n\t\t\t\t\t<div class=\"elementor-column elementor-col-100 elementor-top-column elementor-element elementor-element-522e8532\" data-id=\"522e8532\" data-element_type=\"column\">\n\t\t\t<div class=\"elementor-widget-wrap elementor-element-populated\">\n\t\t\t\t\t\t<div class=\"elementor-element elementor-element-669d32a9 elementor-widget elementor-widget-image\" data-id=\"669d32a9\" data-element_type=\"widget\" data-widget_type=\"image.default\">\n\t\t\t\t<div class=\"elementor-widget-container\">\n\t\t\t\t\t\t\t\t\t\t\t\t\t<img fetchpriority=\"high\" decoding=\"async\" width=\"2080\" height=\"1386\" src=\"https:\/\/nynashamnvaxer.nu\/wp-content\/uploads\/2024\/06\/petra-och-mia.webp\" class=\"attachment-full size-full wp-image-111\" alt=\"\" srcset=\"https:\/\/nynashamnvaxer.nu\/wp-content\/uploads\/2024\/06\/petra-och-mia.webp 2080w, https:\/\/nynashamnvaxer.nu\/wp-content\/uploads\/2024\/06\/petra-och-mia-300x200.webp 300w, https:\/\/nynashamnvaxer.nu\/wp-content\/uploads\/2024\/06\/petra-och-mia-1024x682.webp 1024w, https:\/\/nynashamnvaxer.nu\/wp-content\/uploads\/2024\/06\/petra-och-mia-768x512.webp 768w, https:\/\/nynashamnvaxer.nu\/wp-content\/uploads\/2024\/06\/petra-och-mia-1536x1024.webp 1536w, https:\/\/nynashamnvaxer.nu\/wp-content\/uploads\/2024\/06\/petra-och-mia-2048x1365.webp 2048w\" sizes=\"(max-width: 2080px) 100vw, 2080px\" \/>\t\t\t\t\t\t\t\t\t\t\t\t\t<\/div>\n\t\t\t\t<\/div>\n\t\t\t\t<div class=\"elementor-element elementor-element-4827dccb elementor-widget elementor-widget-text-editor\" data-id=\"4827dccb\" data-element_type=\"widget\" data-widget_type=\"text-editor.default\">\n\t\t\t\t<div class=\"elementor-widget-container\">\n\t\t\t\t\t\t\t<p>Till v\u00e4nster: Petra K\u00e5lb\u00e4ck, f\u00f6rvaltningschef p\u00e5 n\u00e4ringslivs- och arbetsmarknadsf\u00f6rvaltningen. Till h\u00f6ger: Mia J\u00e4rliden, n\u00e4ringslivs- och etableringschef.<\/p>\t\t\t\t\t\t<\/div>\n\t\t\t\t<\/div>\n\t\t\t\t\t<\/div>\n\t\t<\/div>\n\t\t\t\t\t<\/div>\n\t\t<\/section>\n\t\t\t\t<section class=\"elementor-section elementor-top-section elementor-element elementor-element-52e15117 elementor-section-boxed elementor-section-height-default elementor-section-height-default\" data-id=\"52e15117\" data-element_type=\"section\">\n\t\t\t\t\t\t<div class=\"elementor-container elementor-column-gap-no\">\n\t\t\t\t\t<div class=\"elementor-column elementor-col-100 elementor-top-column elementor-element elementor-element-442fb94b\" data-id=\"442fb94b\" data-element_type=\"column\">\n\t\t\t<div class=\"elementor-widget-wrap elementor-element-populated\">\n\t\t\t\t\t\t<div class=\"elementor-element elementor-element-50e33b44 elementor-widget elementor-widget-heading\" data-id=\"50e33b44\" data-element_type=\"widget\" data-widget_type=\"heading.default\">\n\t\t\t\t<div class=\"elementor-widget-container\">\n\t\t\t<h1 class=\"elementor-heading-title elementor-size-default\">F\u00f6rdel Nyn\u00e4shamn som f\u00f6retagare<\/h1>\t\t<\/div>\n\t\t\t\t<\/div>\n\t\t\t\t\t<\/div>\n\t\t<\/div>\n\t\t\t\t\t<\/div>\n\t\t<\/section>\n\t\t\t\t<section class=\"elementor-section elementor-top-section elementor-element elementor-element-54d539d2 elementor-section-boxed elementor-section-height-default elementor-section-height-default\" data-id=\"54d539d2\" data-element_type=\"section\">\n\t\t\t\t\t\t<div class=\"elementor-container elementor-column-gap-no\">\n\t\t\t\t\t<div class=\"elementor-column elementor-col-100 elementor-top-column elementor-element elementor-element-593bb58a\" data-id=\"593bb58a\" data-element_type=\"column\">\n\t\t\t<div class=\"elementor-widget-wrap elementor-element-populated\">\n\t\t\t\t\t\t<div class=\"elementor-element elementor-element-7ab60a1e elementor-widget elementor-widget-text-editor\" data-id=\"7ab60a1e\" data-element_type=\"widget\" data-widget_type=\"text-editor.default\">\n\t\t\t\t<div class=\"elementor-widget-container\">\n\t\t\t\t\t\t\t<p class=\"p1\"><span class=\"s1\"><b>Det finns runt<\/b><\/span><b> 3 000 f\u00f6retag i Nyn\u00e4shamns kommun. Hur \u00e4r det att driva f\u00f6retag h\u00e4r och vad finns det f\u00f6r m\u00f6jligheter f\u00f6r den som vill etablera sig h\u00e4r? Vi fr\u00e5gade kommunens nya n\u00e4ringslivs- och etableringschef Mia J\u00e4rliden och Petra K\u00e5lb\u00e4ck, f\u00f6rvaltningschef p\u00e5 n\u00e4ringslivs- och arbetsmarknadsf\u00f6rvaltningen.<\/b><\/p>\t\t\t\t\t\t<\/div>\n\t\t\t\t<\/div>\n\t\t\t\t<div class=\"elementor-element elementor-element-3ba4436f elementor-drop-cap-yes elementor-drop-cap-view-default elementor-widget elementor-widget-text-editor\" data-id=\"3ba4436f\" data-element_type=\"widget\" data-settings=\"{&quot;drop_cap&quot;:&quot;yes&quot;}\" data-widget_type=\"text-editor.default\">\n\t\t\t\t<div class=\"elementor-widget-container\">\n\t\t\t\t\t\t\t<p>N<span class=\"s1\"><b>yn\u00e4shamn har m\u00e5nga <\/b><\/span><span class=\"s2\">unika f\u00f6rdelar f\u00f6r f\u00f6retag, s\u00e4ger Mia J\u00e4rliden. Vi \u00e4r en kommun som ligger storstadsn\u00e4ra med bra kommunikationer. Genom Norviks hamn har vi f\u00e5tt hit regionens viktigaste logistiknav f\u00f6r t\u00e5g- och containertransporter, det finns f\u00e4rjetrafik till kontinenten, motorv\u00e4g och m\u00f6jlighet till n\u00e4ra dialog med v\u00e5rt Campus Nyn\u00e4shamn f\u00f6r att s\u00e4kerst\u00e4lla kompetensf\u00f6rs\u00f6rjningen.<\/span><\/p><p class=\"p3\"><strong><i>Finns det tillg\u00e4nglig mark f\u00f6r f\u00f6retag att etablera sig p\u00e5?<br \/><\/i><\/strong><span class=\"s2\">\u2013 Vi har nu exempelvis attraktiv mark till salu inom Kalv\u00f6 verksamhetsomr\u00e5de i anslutning till Norviks hamn. Ett perfekt l\u00e4ge, n\u00e4ra b\u00e5de j\u00e4rnv\u00e4g, hamn och motorv\u00e4g, med olika tomtstorlekar och m\u00f6jlighet att etablera allt fr\u00e5n industri till restaurang och kontor, s\u00e4ger Mia J\u00e4rliden.<\/span><\/p><p class=\"p3\"><strong><i>Vart kan f\u00f6retag som vill etablera sig eller starta upp v\u00e4nda sig?<br \/><\/i><\/strong>\u2013 Till kommunens f\u00f6retagslots, s\u00e4ger Petra K\u00e5lb\u00e4ck. En kostnadsfri service d\u00e4r f\u00f6retag kan f\u00e5 svar p\u00e5 sina fr\u00e5gor. H\u00e4r samordnas myndighetskontakter f\u00f6r att g\u00f6ra det enkelt f\u00f6r f\u00f6retag. Lotsen kan \u00e4ven tipsa om st\u00f6dm\u00f6jligheter och hj\u00e4lp med att hitta lokala samarbetspartners.<\/p><p class=\"p3\"><strong><i>Finns det n\u00e5got lokalt f\u00f6retagsn\u00e4tverk?<br \/><\/i><\/strong>\u2013 Det finns flera lokala f\u00f6retagsn\u00e4tverk s\u00e5 som Nyn\u00e4shamns Stadsk\u00e4rnef\u00f6rening, Lantbrukarnas Riksf\u00f6rbund och F\u00f6retagarna Nyn\u00e4shamn. Dessutom arrangerar kommunen olika f\u00f6retagstr\u00e4ffar som till exempel frukosttr\u00e4ffar och branschtr\u00e4ffar, det kan vara en bra d\u00f6rr in i det lokala n\u00e4ringslivet.<\/p><p class=\"p3\"><strong><i>Och var finns hj\u00e4lp att f\u00e5 f\u00f6r den som funderar p\u00e5 att starta eget?<br \/><\/i><\/strong>\u2013 Vi har ett samarbete med Nyf\u00f6re\u00adtagarcentrum, s\u00e4ger Petra K\u00e5lb\u00e4ck. D\u00e4r finns kostnadsfri r\u00e5dgivning, m\u00f6jlighet att diskutera allt fr\u00e5n aff\u00e4rsplan till budget. Vid ett par tillf\u00e4llen under \u00e5ret finns de ocks\u00e5 p\u00e5 plats i kommunhuset f\u00f6r den som vill komma dit och prata direkt.<\/p>\t\t\t\t\t\t<\/div>\n\t\t\t\t<\/div>\n\t\t\t\t<div class=\"elementor-element elementor-element-54c17983 elementor-widget elementor-widget-text-editor\" data-id=\"54c17983\" data-element_type=\"widget\" data-widget_type=\"text-editor.default\">\n\t\t\t\t<div class=\"elementor-widget-container\">\n\t\t\t\t\t\t\t<p>Text: Magnus Nilsson<\/p>\t\t\t\t\t\t<\/div>\n\t\t\t\t<\/div>\n\t\t\t\t\t<\/div>\n\t\t<\/div>\n\t\t\t\t\t<\/div>\n\t\t<\/section>\n\t\t\t\t<section class=\"elementor-section elementor-top-section elementor-element elementor-element-3b69bade elementor-section-boxed elementor-section-height-default elementor-section-height-default\" data-id=\"3b69bade\" data-element_type=\"section\">\n\t\t\t\t\t\t<div class=\"elementor-container elementor-column-gap-no\">\n\t\t\t\t\t<div class=\"elementor-column elementor-col-100 elementor-top-column elementor-element elementor-element-29280620\" data-id=\"29280620\" data-element_type=\"column\">\n\t\t\t<div class=\"elementor-widget-wrap elementor-element-populated\">\n\t\t\t\t\t\t<div class=\"elementor-element elementor-element-688db394 elementor-share-buttons--view-icon elementor-share-buttons--skin-minimal elementor-share-buttons--shape-circle elementor-share-buttons--align-center elementor-share-buttons--color-custom elementor-grid-0 elementor-widget elementor-widget-share-buttons\" data-id=\"688db394\" data-element_type=\"widget\" data-widget_type=\"share-buttons.default\">\n\t\t\t\t<div class=\"elementor-widget-container\">\n\t\t\t\t\t<div class=\"elementor-grid\">\n\t\t\t\t\t\t\t\t<div class=\"elementor-grid-item\">\n\t\t\t\t\t\t<div\n\t\t\t\t\t\t\tclass=\"elementor-share-btn elementor-share-btn_email\"\n\t\t\t\t\t\t\trole=\"button\"\n\t\t\t\t\t\t\ttabindex=\"0\"\n\t\t\t\t\t\t\taria-label=\"Dela p\u00e5 email\"\n\t\t\t\t\t\t>\n\t\t\t\t\t\t\t\t\t\t\t\t\t\t\t<span class=\"elementor-share-btn__icon\">\n\t\t\t\t\t\t\t\t<svg class=\"e-font-icon-svg e-fas-envelope\" viewBox=\"0 0 512 512\" xmlns=\"http:\/\/www.w3.org\/2000\/svg\"><path d=\"M502.3 190.8c3.9-3.1 9.7-.2 9.7 4.7V400c0 26.5-21.5 48-48 48H48c-26.5 0-48-21.5-48-48V195.6c0-5 5.7-7.8 9.7-4.7 22.4 17.4 52.1 39.5 154.1 113.6 21.1 15.4 56.7 47.8 92.2 47.6 35.7.3 72-32.8 92.3-47.6 102-74.1 131.6-96.3 154-113.7zM256 320c23.2.4 56.6-29.2 73.4-41.4 132.7-96.3 142.8-104.7 173.4-128.7 5.8-4.5 9.2-11.5 9.2-18.9v-19c0-26.5-21.5-48-48-48H48C21.5 64 0 85.5 0 112v19c0 7.4 3.4 14.3 9.2 18.9 30.6 23.9 40.7 32.4 173.4 128.7 16.8 12.2 50.2 41.8 73.4 41.4z\"><\/path><\/svg>\t\t\t\t\t\t\t<\/span>\n\t\t\t\t\t\t\t\t\t\t\t\t\t\t\t\t\t\t\t\t<\/div>\n\t\t\t\t\t<\/div>\n\t\t\t\t\t\t\t\t\t<div class=\"elementor-grid-item\">\n\t\t\t\t\t\t<div\n\t\t\t\t\t\t\tclass=\"elementor-share-btn elementor-share-btn_facebook\"\n\t\t\t\t\t\t\trole=\"button\"\n\t\t\t\t\t\t\ttabindex=\"0\"\n\t\t\t\t\t\t\taria-label=\"Dela p\u00e5 facebook\"\n\t\t\t\t\t\t>\n\t\t\t\t\t\t\t\t\t\t\t\t\t\t\t<span class=\"elementor-share-btn__icon\">\n\t\t\t\t\t\t\t\t<svg class=\"e-font-icon-svg e-fab-facebook\" viewBox=\"0 0 512 512\" xmlns=\"http:\/\/www.w3.org\/2000\/svg\"><path d=\"M504 256C504 119 393 8 256 8S8 119 8 256c0 123.78 90.69 226.38 209.25 245V327.69h-63V256h63v-54.64c0-62.15 37-96.48 93.67-96.48 27.14 0 55.52 4.84 55.52 4.84v61h-31.28c-30.8 0-40.41 19.12-40.41 38.73V256h68.78l-11 71.69h-57.78V501C413.31 482.38 504 379.78 504 256z\"><\/path><\/svg>\t\t\t\t\t\t\t<\/span>\n\t\t\t\t\t\t\t\t\t\t\t\t\t\t\t\t\t\t\t\t<\/div>\n\t\t\t\t\t<\/div>\n\t\t\t\t\t\t\t\t\t<div class=\"elementor-grid-item\">\n\t\t\t\t\t\t<div\n\t\t\t\t\t\t\tclass=\"elementor-share-btn elementor-share-btn_x-twitter\"\n\t\t\t\t\t\t\trole=\"button\"\n\t\t\t\t\t\t\ttabindex=\"0\"\n\t\t\t\t\t\t\taria-label=\"Dela p\u00e5 x-twitter\"\n\t\t\t\t\t\t>\n\t\t\t\t\t\t\t\t\t\t\t\t\t\t\t<span class=\"elementor-share-btn__icon\">\n\t\t\t\t\t\t\t\t<svg class=\"e-font-icon-svg e-fab-x-twitter\" viewBox=\"0 0 512 512\" xmlns=\"http:\/\/www.w3.org\/2000\/svg\"><path d=\"M389.2 48h70.6L305.6 224.2 487 464H345L233.7 318.6 106.5 464H35.8L200.7 275.5 26.8 48H172.4L272.9 180.9 389.2 48zM364.4 421.8h39.1L151.1 88h-42L364.4 421.8z\"><\/path><\/svg>\t\t\t\t\t\t\t<\/span>\n\t\t\t\t\t\t\t\t\t\t\t\t\t\t\t\t\t\t\t\t<\/div>\n\t\t\t\t\t<\/div>\n\t\t\t\t\t\t\t\t\t<div class=\"elementor-grid-item\">\n\t\t\t\t\t\t<div\n\t\t\t\t\t\t\tclass=\"elementor-share-btn elementor-share-btn_linkedin\"\n\t\t\t\t\t\t\trole=\"button\"\n\t\t\t\t\t\t\ttabindex=\"0\"\n\t\t\t\t\t\t\taria-label=\"Dela p\u00e5 linkedin\"\n\t\t\t\t\t\t>\n\t\t\t\t\t\t\t\t\t\t\t\t\t\t\t<span class=\"elementor-share-btn__icon\">\n\t\t\t\t\t\t\t\t<svg class=\"e-font-icon-svg e-fab-linkedin\" viewBox=\"0 0 448 512\" xmlns=\"http:\/\/www.w3.org\/2000\/svg\"><path d=\"M416 32H31.9C14.3 32 0 46.5 0 64.3v383.4C0 465.5 14.3 480 31.9 480H416c17.6 0 32-14.5 32-32.3V64.3c0-17.8-14.4-32.3-32-32.3zM135.4 416H69V202.2h66.5V416zm-33.2-243c-21.3 0-38.5-17.3-38.5-38.5S80.9 96 102.2 96c21.2 0 38.5 17.3 38.5 38.5 0 21.3-17.2 38.5-38.5 38.5zm282.1 243h-66.4V312c0-24.8-.5-56.7-34.5-56.7-34.6 0-39.9 27-39.9 54.9V416h-66.4V202.2h63.7v29.2h.9c8.9-16.8 30.6-34.5 62.9-34.5 67.2 0 79.7 44.3 79.7 101.9V416z\"><\/path><\/svg>\t\t\t\t\t\t\t<\/span>\n\t\t\t\t\t\t\t\t\t\t\t\t\t\t\t\t\t\t\t\t<\/div>\n\t\t\t\t\t<\/div>\n\t\t\t\t\t\t<\/div>\n\t\t\t\t<\/div>\n\t\t\t\t<\/div>\n\t\t\t\t\t<\/div>\n\t\t<\/div>\n\t\t\t\t\t<\/div>\n\t\t<\/section>\n\t\t\t\t<\/div>\n\t\t","protected":false},"excerpt":{"rendered":"<p>Till v\u00e4nster: Petra K\u00e5lb\u00e4ck, f\u00f6rvaltningschef p\u00e5 n\u00e4ringslivs- och arbetsmarknadsf\u00f6rvaltningen. Till h\u00f6ger: Mia J\u00e4rliden, n\u00e4ringslivs- och etableringschef. F\u00f6rdel Nyn\u00e4shamn som f\u00f6retagare Det finns runt 3 000 f\u00f6retag i Nyn\u00e4shamns kommun. Hur \u00e4r det att driva f\u00f6retag h\u00e4r och vad finns det f\u00f6r m\u00f6jligheter f\u00f6r den som vill etablera sig h\u00e4r? Vi fr\u00e5gade kommunens nya n\u00e4ringslivs- och [&hellip;]<\/p>\n","protected":false},"author":2,"featured_media":111,"parent":0,"menu_order":0,"comment_status":"closed","ping_status":"closed","template":"elementor_theme","meta":{"footnotes":""},"class_list":["post-198","page","type-page","status-publish","has-post-thumbnail","hentry"],"_links":{"self":[{"href":"https:\/\/nynashamnvaxer.nu\/index.php\/wp-json\/wp\/v2\/pages\/198","targetHints":{"allow":["GET"]}}],"collection":[{"href":"https:\/\/nynashamnvaxer.nu\/index.php\/wp-json\/wp\/v2\/pages"}],"about":[{"href":"https:\/\/nynashamnvaxer.nu\/index.php\/wp-json\/wp\/v2\/types\/page"}],"author":[{"embeddable":true,"href":"https:\/\/nynashamnvaxer.nu\/index.php\/wp-json\/wp\/v2\/users\/2"}],"replies":[{"embeddable":true,"href":"https:\/\/nynashamnvaxer.nu\/index.php\/wp-json\/wp\/v2\/comments?post=198"}],"version-history":[{"count":4,"href":"https:\/\/nynashamnvaxer.nu\/index.php\/wp-json\/wp\/v2\/pages\/198\/revisions"}],"predecessor-version":[{"id":203,"href":"https:\/\/nynashamnvaxer.nu\/index.php\/wp-json\/wp\/v2\/pages\/198\/revisions\/203"}],"wp:featuredmedia":[{"embeddable":true,"href":"https:\/\/nynashamnvaxer.nu\/index.php\/wp-json\/wp\/v2\/media\/111"}],"wp:attachment":[{"href":"https:\/\/nynashamnvaxer.nu\/index.php\/wp-json\/wp\/v2\/media?parent=198"}],"curies":[{"name":"wp","href":"https:\/\/api.w.org\/{rel}","templated":true}]}}