{"id":204,"date":"2024-06-26T13:07:07","date_gmt":"2024-06-26T11:07:07","guid":{"rendered":"https:\/\/nynashamnvaxer.nu\/?page_id=204"},"modified":"2024-06-26T13:09:38","modified_gmt":"2024-06-26T11:09:38","slug":"arets-foretagare-i-nynashamns-kommun-louise-obrink","status":"publish","type":"page","link":"https:\/\/nynashamnvaxer.nu\/index.php\/arets-foretagare-i-nynashamns-kommun-louise-obrink\/","title":{"rendered":"\u00c5rets f\u00f6retagare i Nyn\u00e4shamns kommun \u2013 Louise \u00d6brink"},"content":{"rendered":"\t\t<div data-elementor-type=\"wp-page\" data-elementor-id=\"204\" class=\"elementor elementor-204\" data-elementor-post-type=\"page\">\n\t\t\t\t\t\t<section class=\"elementor-section elementor-top-section elementor-element elementor-element-7c523e45 elementor-section-boxed elementor-section-height-default elementor-section-height-default\" data-id=\"7c523e45\" data-element_type=\"section\">\n\t\t\t\t\t\t<div class=\"elementor-container elementor-column-gap-no\">\n\t\t\t\t\t<div class=\"elementor-column elementor-col-100 elementor-top-column elementor-element elementor-element-7759e387\" data-id=\"7759e387\" data-element_type=\"column\">\n\t\t\t<div class=\"elementor-widget-wrap elementor-element-populated\">\n\t\t\t\t\t\t<div class=\"elementor-element elementor-element-3509bfcc elementor-widget elementor-widget-heading\" data-id=\"3509bfcc\" data-element_type=\"widget\" data-widget_type=\"heading.default\">\n\t\t\t\t<div class=\"elementor-widget-container\">\n\t\t\t<h1 class=\"elementor-heading-title elementor-size-default\">\u00c5rets f\u00f6retagare i Nyn\u00e4shamns kommun \u2013 Louise \u00d6brink<\/h1>\t\t<\/div>\n\t\t\t\t<\/div>\n\t\t\t\t\t<\/div>\n\t\t<\/div>\n\t\t\t\t\t<\/div>\n\t\t<\/section>\n\t\t\t\t<section class=\"elementor-section elementor-top-section elementor-element elementor-element-5e53bdcf elementor-section-boxed elementor-section-height-default elementor-section-height-default\" data-id=\"5e53bdcf\" data-element_type=\"section\">\n\t\t\t\t\t\t<div class=\"elementor-container elementor-column-gap-no\">\n\t\t\t\t\t<div class=\"elementor-column elementor-col-100 elementor-top-column elementor-element elementor-element-34fa0af7\" data-id=\"34fa0af7\" data-element_type=\"column\">\n\t\t\t<div class=\"elementor-widget-wrap elementor-element-populated\">\n\t\t\t\t\t\t<div class=\"elementor-element elementor-element-5b89ef0 elementor-widget elementor-widget-text-editor\" data-id=\"5b89ef0\" data-element_type=\"widget\" data-widget_type=\"text-editor.default\">\n\t\t\t\t<div class=\"elementor-widget-container\">\n\t\t\t\t\t\t\t<p>Varje \u00e5r delar F\u00f6retagarna Nyn\u00e4shamn ut priset \u00c5rets f\u00f6re\u00adtagare. \u00c5rets vinnare blev Louise \u00d6brink p\u00e5 Chokladhuset.<\/p><p>Ur motiveringen: \u201dLouise har under m\u00e5nga \u00e5r satt Nyn\u00e4shamn p\u00e5 kartan med Chokladhuset. Dels genom att under 16 \u00e5r haft det prestigefyllda uppdraget att leve\u00adrera en pralin till festernas efterfest \u2013 Nobel nightcap, dels genom satsningen med den egna butiken i Nyn\u00e4shamns Centrum.\u201d<\/p>\t\t\t\t\t\t<\/div>\n\t\t\t\t<\/div>\n\t\t\t\t<div class=\"elementor-element elementor-element-1b85ae5 elementor-drop-cap-yes elementor-drop-cap-view-default elementor-widget elementor-widget-text-editor\" data-id=\"1b85ae5\" data-element_type=\"widget\" data-settings=\"{&quot;drop_cap&quot;:&quot;yes&quot;}\" data-widget_type=\"text-editor.default\">\n\t\t\t\t<div class=\"elementor-widget-container\">\n\t\t\t\t\t\t\t<p>G<strong><i>rattis! Hur k\u00e4nns det?<br \/><\/i><\/strong>\u2013 Jo det \u00e4r n\u00e4stan lite \u00f6verv\u00e4ldigande, men p\u00e5 s\u00e4tt och vis har jag ju hj\u00e4lpt till att s\u00e4tta Nyn\u00e4shamn p\u00e5 kartan genom framf\u00f6r allt mina nobelpraliner. Det \u00e4r m\u00e5nga turister som kommer in till centrum bara f\u00f6r att k\u00f6pa dem och d\u00e5 g\u00e5r de samtidigt runt och tittar p\u00e5 de andra handlarnas utbud.<\/p><p class=\"p1\"><strong><i>Aprop\u00e5 Nobelfesten, hur m\u00e5nga g\u00e5nger har du varit d\u00e4r?<br \/><\/i><\/strong>\u2013 Femton g\u00e5nger, en g\u00e5ng hade jag brutit armen och d\u00e5 skickade jag min son och hans flickv\u00e4n f\u00f6r att representera. Det \u00e4r en helt otrolig fest, som en sagov\u00e4rld. V\u00e4ldigt roligt.<\/p><p class=\"p1\"><strong><i>Vilken pralin \u00e4r Nyn\u00e4shamnsbornas favorit?<br \/><\/i><\/strong>\u2013 De med lakrits g\u00e5r alltid bra, liksom m\u00f6rk tryffel och fr\u00e4scha smaker som passionsfrukt och hallon. Vi har ju \u00f6ver 200 olika sorters praliner som vi alter\u00adnerar mellan beroende p\u00e5 s\u00e4song. M\u00e5nga kommer ju ocks\u00e5 hit f\u00f6r v\u00e5r hemgjorda glass och f\u00f6r att fika.<\/p><p class=\"p1\"><strong><i>Finns det n\u00e5gon chokladpralin som inte alls g\u00e5tt hem hos kunderna?<br \/><\/i><\/strong>\u2013 Det skulle v\u00e4l vara den som smakade \u00e4rtsoppa med fl\u00e4sk. Vi bj\u00f6d kunderna p\u00e5 den under 1 april ett \u00e5r. Kul, men inget vi t\u00e4nker ha p\u00e5 menyn, \u00e4ven om vissa kunder faktiskt gillade den.<\/p><p class=\"p1\"><strong><i>Hur har de senaste \u00e5rens l\u00e5gkonjunktur p\u00e5verkat f\u00f6retaget?<br \/><\/i><\/strong>\u2013 Det tuffaste har varit kriget i Ukraina som gjort att kryssningsfartygen inte stannar till i Nyn\u00e4shamn. Vi har tappat \u00f6ver h\u00e4lften av v\u00e5r sommarf\u00f6rs\u00e4ljning, s\u00e5 det \u00e4r verkligen k\u00e4nnbart. Och det ber\u00f6r ju inte bara mig utan hela stan egentligen. Fast Nyn\u00e4shamnsborna \u00e4r v\u00e4ldigt st\u00f6ttande och kommer hit och handlar och visar att de bryr sig. S\u00e5 det k\u00e4nns bra.<\/p>\t\t\t\t\t\t<\/div>\n\t\t\t\t<\/div>\n\t\t\t\t<div class=\"elementor-element elementor-element-3f9a3bbe elementor-widget elementor-widget-text-editor\" data-id=\"3f9a3bbe\" data-element_type=\"widget\" data-widget_type=\"text-editor.default\">\n\t\t\t\t<div class=\"elementor-widget-container\">\n\t\t\t\t\t\t\t<p>Text: Magnus Nilsson<\/p>\t\t\t\t\t\t<\/div>\n\t\t\t\t<\/div>\n\t\t\t\t\t<\/div>\n\t\t<\/div>\n\t\t\t\t\t<\/div>\n\t\t<\/section>\n\t\t\t\t<section class=\"elementor-section elementor-top-section elementor-element elementor-element-3d39173c elementor-section-boxed elementor-section-height-default elementor-section-height-default\" data-id=\"3d39173c\" data-element_type=\"section\">\n\t\t\t\t\t\t<div class=\"elementor-container elementor-column-gap-no\">\n\t\t\t\t\t<div class=\"elementor-column elementor-col-100 elementor-top-column elementor-element elementor-element-42e1d47a\" data-id=\"42e1d47a\" data-element_type=\"column\">\n\t\t\t<div class=\"elementor-widget-wrap elementor-element-populated\">\n\t\t\t\t\t\t<div class=\"elementor-element elementor-element-46828915 elementor-share-buttons--view-icon elementor-share-buttons--skin-minimal elementor-share-buttons--shape-circle elementor-share-buttons--align-center elementor-share-buttons--color-custom elementor-grid-0 elementor-widget elementor-widget-share-buttons\" data-id=\"46828915\" data-element_type=\"widget\" data-widget_type=\"share-buttons.default\">\n\t\t\t\t<div class=\"elementor-widget-container\">\n\t\t\t\t\t<div class=\"elementor-grid\">\n\t\t\t\t\t\t\t\t<div class=\"elementor-grid-item\">\n\t\t\t\t\t\t<div\n\t\t\t\t\t\t\tclass=\"elementor-share-btn elementor-share-btn_email\"\n\t\t\t\t\t\t\trole=\"button\"\n\t\t\t\t\t\t\ttabindex=\"0\"\n\t\t\t\t\t\t\taria-label=\"Dela p\u00e5 email\"\n\t\t\t\t\t\t>\n\t\t\t\t\t\t\t\t\t\t\t\t\t\t\t<span class=\"elementor-share-btn__icon\">\n\t\t\t\t\t\t\t\t<svg class=\"e-font-icon-svg e-fas-envelope\" viewBox=\"0 0 512 512\" xmlns=\"http:\/\/www.w3.org\/2000\/svg\"><path d=\"M502.3 190.8c3.9-3.1 9.7-.2 9.7 4.7V400c0 26.5-21.5 48-48 48H48c-26.5 0-48-21.5-48-48V195.6c0-5 5.7-7.8 9.7-4.7 22.4 17.4 52.1 39.5 154.1 113.6 21.1 15.4 56.7 47.8 92.2 47.6 35.7.3 72-32.8 92.3-47.6 102-74.1 131.6-96.3 154-113.7zM256 320c23.2.4 56.6-29.2 73.4-41.4 132.7-96.3 142.8-104.7 173.4-128.7 5.8-4.5 9.2-11.5 9.2-18.9v-19c0-26.5-21.5-48-48-48H48C21.5 64 0 85.5 0 112v19c0 7.4 3.4 14.3 9.2 18.9 30.6 23.9 40.7 32.4 173.4 128.7 16.8 12.2 50.2 41.8 73.4 41.4z\"><\/path><\/svg>\t\t\t\t\t\t\t<\/span>\n\t\t\t\t\t\t\t\t\t\t\t\t\t\t\t\t\t\t\t\t<\/div>\n\t\t\t\t\t<\/div>\n\t\t\t\t\t\t\t\t\t<div class=\"elementor-grid-item\">\n\t\t\t\t\t\t<div\n\t\t\t\t\t\t\tclass=\"elementor-share-btn elementor-share-btn_facebook\"\n\t\t\t\t\t\t\trole=\"button\"\n\t\t\t\t\t\t\ttabindex=\"0\"\n\t\t\t\t\t\t\taria-label=\"Dela p\u00e5 facebook\"\n\t\t\t\t\t\t>\n\t\t\t\t\t\t\t\t\t\t\t\t\t\t\t<span class=\"elementor-share-btn__icon\">\n\t\t\t\t\t\t\t\t<svg class=\"e-font-icon-svg e-fab-facebook\" viewBox=\"0 0 512 512\" xmlns=\"http:\/\/www.w3.org\/2000\/svg\"><path d=\"M504 256C504 119 393 8 256 8S8 119 8 256c0 123.78 90.69 226.38 209.25 245V327.69h-63V256h63v-54.64c0-62.15 37-96.48 93.67-96.48 27.14 0 55.52 4.84 55.52 4.84v61h-31.28c-30.8 0-40.41 19.12-40.41 38.73V256h68.78l-11 71.69h-57.78V501C413.31 482.38 504 379.78 504 256z\"><\/path><\/svg>\t\t\t\t\t\t\t<\/span>\n\t\t\t\t\t\t\t\t\t\t\t\t\t\t\t\t\t\t\t\t<\/div>\n\t\t\t\t\t<\/div>\n\t\t\t\t\t\t\t\t\t<div class=\"elementor-grid-item\">\n\t\t\t\t\t\t<div\n\t\t\t\t\t\t\tclass=\"elementor-share-btn elementor-share-btn_x-twitter\"\n\t\t\t\t\t\t\trole=\"button\"\n\t\t\t\t\t\t\ttabindex=\"0\"\n\t\t\t\t\t\t\taria-label=\"Dela p\u00e5 x-twitter\"\n\t\t\t\t\t\t>\n\t\t\t\t\t\t\t\t\t\t\t\t\t\t\t<span class=\"elementor-share-btn__icon\">\n\t\t\t\t\t\t\t\t<svg class=\"e-font-icon-svg e-fab-x-twitter\" viewBox=\"0 0 512 512\" xmlns=\"http:\/\/www.w3.org\/2000\/svg\"><path d=\"M389.2 48h70.6L305.6 224.2 487 464H345L233.7 318.6 106.5 464H35.8L200.7 275.5 26.8 48H172.4L272.9 180.9 389.2 48zM364.4 421.8h39.1L151.1 88h-42L364.4 421.8z\"><\/path><\/svg>\t\t\t\t\t\t\t<\/span>\n\t\t\t\t\t\t\t\t\t\t\t\t\t\t\t\t\t\t\t\t<\/div>\n\t\t\t\t\t<\/div>\n\t\t\t\t\t\t\t\t\t<div class=\"elementor-grid-item\">\n\t\t\t\t\t\t<div\n\t\t\t\t\t\t\tclass=\"elementor-share-btn elementor-share-btn_linkedin\"\n\t\t\t\t\t\t\trole=\"button\"\n\t\t\t\t\t\t\ttabindex=\"0\"\n\t\t\t\t\t\t\taria-label=\"Dela p\u00e5 linkedin\"\n\t\t\t\t\t\t>\n\t\t\t\t\t\t\t\t\t\t\t\t\t\t\t<span class=\"elementor-share-btn__icon\">\n\t\t\t\t\t\t\t\t<svg class=\"e-font-icon-svg e-fab-linkedin\" viewBox=\"0 0 448 512\" xmlns=\"http:\/\/www.w3.org\/2000\/svg\"><path d=\"M416 32H31.9C14.3 32 0 46.5 0 64.3v383.4C0 465.5 14.3 480 31.9 480H416c17.6 0 32-14.5 32-32.3V64.3c0-17.8-14.4-32.3-32-32.3zM135.4 416H69V202.2h66.5V416zm-33.2-243c-21.3 0-38.5-17.3-38.5-38.5S80.9 96 102.2 96c21.2 0 38.5 17.3 38.5 38.5 0 21.3-17.2 38.5-38.5 38.5zm282.1 243h-66.4V312c0-24.8-.5-56.7-34.5-56.7-34.6 0-39.9 27-39.9 54.9V416h-66.4V202.2h63.7v29.2h.9c8.9-16.8 30.6-34.5 62.9-34.5 67.2 0 79.7 44.3 79.7 101.9V416z\"><\/path><\/svg>\t\t\t\t\t\t\t<\/span>\n\t\t\t\t\t\t\t\t\t\t\t\t\t\t\t\t\t\t\t\t<\/div>\n\t\t\t\t\t<\/div>\n\t\t\t\t\t\t<\/div>\n\t\t\t\t<\/div>\n\t\t\t\t<\/div>\n\t\t\t\t\t<\/div>\n\t\t<\/div>\n\t\t\t\t\t<\/div>\n\t\t<\/section>\n\t\t\t\t<\/div>\n\t\t","protected":false},"excerpt":{"rendered":"<p>\u00c5rets f\u00f6retagare i Nyn\u00e4shamns kommun \u2013 Louise \u00d6brink Varje \u00e5r delar F\u00f6retagarna Nyn\u00e4shamn ut priset \u00c5rets f\u00f6re\u00adtagare. \u00c5rets vinnare blev Louise \u00d6brink p\u00e5 Chokladhuset. Ur motiveringen: \u201dLouise har under m\u00e5nga \u00e5r satt Nyn\u00e4shamn p\u00e5 kartan med Chokladhuset. Dels genom att under 16 \u00e5r haft det prestigefyllda uppdraget att leve\u00adrera en pralin till festernas efterfest \u2013 [&hellip;]<\/p>\n","protected":false},"author":2,"featured_media":0,"parent":0,"menu_order":0,"comment_status":"closed","ping_status":"closed","template":"elementor_theme","meta":{"footnotes":""},"class_list":["post-204","page","type-page","status-publish","hentry"],"_links":{"self":[{"href":"https:\/\/nynashamnvaxer.nu\/index.php\/wp-json\/wp\/v2\/pages\/204","targetHints":{"allow":["GET"]}}],"collection":[{"href":"https:\/\/nynashamnvaxer.nu\/index.php\/wp-json\/wp\/v2\/pages"}],"about":[{"href":"https:\/\/nynashamnvaxer.nu\/index.php\/wp-json\/wp\/v2\/types\/page"}],"author":[{"embeddable":true,"href":"https:\/\/nynashamnvaxer.nu\/index.php\/wp-json\/wp\/v2\/users\/2"}],"replies":[{"embeddable":true,"href":"https:\/\/nynashamnvaxer.nu\/index.php\/wp-json\/wp\/v2\/comments?post=204"}],"version-history":[{"count":4,"href":"https:\/\/nynashamnvaxer.nu\/index.php\/wp-json\/wp\/v2\/pages\/204\/revisions"}],"predecessor-version":[{"id":209,"href":"https:\/\/nynashamnvaxer.nu\/index.php\/wp-json\/wp\/v2\/pages\/204\/revisions\/209"}],"wp:attachment":[{"href":"https:\/\/nynashamnvaxer.nu\/index.php\/wp-json\/wp\/v2\/media?parent=204"}],"curies":[{"name":"wp","href":"https:\/\/api.w.org\/{rel}","templated":true}]}}