{"id":222,"date":"2024-06-26T15:57:18","date_gmt":"2024-06-26T13:57:18","guid":{"rendered":"https:\/\/nynashamnvaxer.nu\/?page_id=222"},"modified":"2024-06-26T15:59:39","modified_gmt":"2024-06-26T13:59:39","slug":"campus-nynashamn-en-ovarderlig-resurs-for-kommunen-och-naringslivet","status":"publish","type":"page","link":"https:\/\/nynashamnvaxer.nu\/index.php\/campus-nynashamn-en-ovarderlig-resurs-for-kommunen-och-naringslivet\/","title":{"rendered":"Campus Nyn\u00e4shamn \u2013 en ov\u00e4rderlig resurs f\u00f6r kommunen och n\u00e4ringslivet"},"content":{"rendered":"\t\t<div data-elementor-type=\"wp-page\" data-elementor-id=\"222\" class=\"elementor elementor-222\" data-elementor-post-type=\"page\">\n\t\t\t\t\t\t<section class=\"elementor-section elementor-top-section elementor-element elementor-element-44f98d21 elementor-section-boxed elementor-section-height-default elementor-section-height-default\" data-id=\"44f98d21\" data-element_type=\"section\">\n\t\t\t\t\t\t<div class=\"elementor-container elementor-column-gap-no\">\n\t\t\t\t\t<div class=\"elementor-column elementor-col-100 elementor-top-column elementor-element elementor-element-10762b3a\" data-id=\"10762b3a\" data-element_type=\"column\">\n\t\t\t<div class=\"elementor-widget-wrap elementor-element-populated\">\n\t\t\t\t\t\t<div class=\"elementor-element elementor-element-572b28a elementor-widget elementor-widget-image\" data-id=\"572b28a\" data-element_type=\"widget\" data-widget_type=\"image.default\">\n\t\t\t\t<div class=\"elementor-widget-container\">\n\t\t\t\t\t\t\t\t\t\t\t\t\t<img fetchpriority=\"high\" decoding=\"async\" width=\"2080\" height=\"1386\" src=\"https:\/\/nynashamnvaxer.nu\/wp-content\/uploads\/2024\/06\/anneli-sahlin.webp\" class=\"attachment-full size-full wp-image-78\" alt=\"\" srcset=\"https:\/\/nynashamnvaxer.nu\/wp-content\/uploads\/2024\/06\/anneli-sahlin.webp 2080w, https:\/\/nynashamnvaxer.nu\/wp-content\/uploads\/2024\/06\/anneli-sahlin-300x200.webp 300w, https:\/\/nynashamnvaxer.nu\/wp-content\/uploads\/2024\/06\/anneli-sahlin-1024x682.webp 1024w, https:\/\/nynashamnvaxer.nu\/wp-content\/uploads\/2024\/06\/anneli-sahlin-768x512.webp 768w, https:\/\/nynashamnvaxer.nu\/wp-content\/uploads\/2024\/06\/anneli-sahlin-1536x1024.webp 1536w, https:\/\/nynashamnvaxer.nu\/wp-content\/uploads\/2024\/06\/anneli-sahlin-2048x1365.webp 2048w\" sizes=\"(max-width: 2080px) 100vw, 2080px\" \/>\t\t\t\t\t\t\t\t\t\t\t\t\t<\/div>\n\t\t\t\t<\/div>\n\t\t\t\t<div class=\"elementor-element elementor-element-15be7c66 elementor-widget elementor-widget-text-editor\" data-id=\"15be7c66\" data-element_type=\"widget\" data-widget_type=\"text-editor.default\">\n\t\t\t\t<div class=\"elementor-widget-container\">\n\t\t\t\t\t\t\t<p>\u00d6ver 1\u00a0600 elever studerar nu p\u00e5 popul\u00e4ra Campus Nyn\u00e4shamn d\u00e4r Anneli Sahlin \u00e4r rektor.<\/p>\t\t\t\t\t\t<\/div>\n\t\t\t\t<\/div>\n\t\t\t\t\t<\/div>\n\t\t<\/div>\n\t\t\t\t\t<\/div>\n\t\t<\/section>\n\t\t\t\t<section class=\"elementor-section elementor-top-section elementor-element elementor-element-43633f98 elementor-section-boxed elementor-section-height-default elementor-section-height-default\" data-id=\"43633f98\" data-element_type=\"section\">\n\t\t\t\t\t\t<div class=\"elementor-container elementor-column-gap-no\">\n\t\t\t\t\t<div class=\"elementor-column elementor-col-100 elementor-top-column elementor-element elementor-element-29f4db67\" data-id=\"29f4db67\" data-element_type=\"column\">\n\t\t\t<div class=\"elementor-widget-wrap elementor-element-populated\">\n\t\t\t\t\t\t<div class=\"elementor-element elementor-element-74c4287e elementor-widget elementor-widget-heading\" data-id=\"74c4287e\" data-element_type=\"widget\" data-widget_type=\"heading.default\">\n\t\t\t\t<div class=\"elementor-widget-container\">\n\t\t\t<h2 class=\"elementor-heading-title elementor-size-default\">Campus Nyn\u00e4shamn<\/h2>\t\t<\/div>\n\t\t\t\t<\/div>\n\t\t\t\t<div class=\"elementor-element elementor-element-4af3d74c elementor-widget elementor-widget-heading\" data-id=\"4af3d74c\" data-element_type=\"widget\" data-widget_type=\"heading.default\">\n\t\t\t\t<div class=\"elementor-widget-container\">\n\t\t\t<h1 class=\"elementor-heading-title elementor-size-default\">En ov\u00e4rderlig resurs f\u00f6r kommunen och n\u00e4ringslivet<\/h1>\t\t<\/div>\n\t\t\t\t<\/div>\n\t\t\t\t\t<\/div>\n\t\t<\/div>\n\t\t\t\t\t<\/div>\n\t\t<\/section>\n\t\t\t\t<section class=\"elementor-section elementor-top-section elementor-element elementor-element-ecf042c elementor-section-boxed elementor-section-height-default elementor-section-height-default\" data-id=\"ecf042c\" data-element_type=\"section\">\n\t\t\t\t\t\t<div class=\"elementor-container elementor-column-gap-no\">\n\t\t\t\t\t<div class=\"elementor-column elementor-col-100 elementor-top-column elementor-element elementor-element-adfeff9\" data-id=\"adfeff9\" data-element_type=\"column\">\n\t\t\t<div class=\"elementor-widget-wrap elementor-element-populated\">\n\t\t\t\t\t\t<div class=\"elementor-element elementor-element-f03b428 elementor-widget elementor-widget-text-editor\" data-id=\"f03b428\" data-element_type=\"widget\" data-widget_type=\"text-editor.default\">\n\t\t\t\t<div class=\"elementor-widget-container\">\n\t\t\t\t\t\t\t<p>Snabbv\u00e4xande Campus Nyn\u00e4shamn lanserar till h\u00f6sten hela fem nya yrkesutbildningar. Mest popul\u00e4r \u00e4r socialpedagog med \u00f6ver tusen s\u00f6kande till 35 platser, men ocks\u00e5 utbildningen till marinelektriker, vindkraftstekniker, process\u00adoperat\u00f6r och underh\u00e5llstekniker v\u00e4cker stort intresse.<\/p>\t\t\t\t\t\t<\/div>\n\t\t\t\t<\/div>\n\t\t\t\t<div class=\"elementor-element elementor-element-35f96d0a elementor-drop-cap-yes elementor-drop-cap-view-default elementor-widget elementor-widget-text-editor\" data-id=\"35f96d0a\" data-element_type=\"widget\" data-settings=\"{&quot;drop_cap&quot;:&quot;yes&quot;}\" data-widget_type=\"text-editor.default\">\n\t\t\t\t<div class=\"elementor-widget-container\">\n\t\t\t\t\t\t\t<p>D<span class=\"s1\"><b>et \u00e4r verkligen sp\u00e4nnande. <\/b><\/span>Vi \u00e4r glada \u00f6ver att kunna erbjuda Nyn\u00e4shamns\u00adborna s\u00e5 m\u00e5nga olika yrkesutbildningar p\u00e5 hemmaplan. N\u00e4ringslivet och kommunerna har ett stort behov av den kompetens vi nu kan erbjuda genom dessa utbildningar, s\u00e4ger Anneli Sahlin, rektor f\u00f6r Campus Nyn\u00e4shamn.<\/p><p class=\"p2\">I dag studerar \u00f6ver 1\u2009600 personer p\u00e5 Campus Nyn\u00e4shamn, \u00e5r 2020 var det 600 studerande. Som Stockholmsregionens enda l\u00e4rcentrum d\u00e4r h\u00f6gskola, yrkes\u00adh\u00f6gskola och vuxenutbildning finns under samma tak, har l\u00e4rcentrumet p\u00e5 kort tid blivit en central del av kommunens utbildningsutbud.<\/p><p class=\"p2\"><span class=\"s2\">\u2013 Vi har gjort en v\u00e4ldigt snabb resa. Ett politiskt inriktningsbeslut att bredda ut\u00adbudet av utbildningar har varit grunden f\u00f6r att l\u00e5ngsiktigt kunna h\u00f6ja utbildningsniv\u00e5n i kommunen, f\u00f6rklarar Anneli Sahlin.<\/span><\/p><p class=\"p1\"><span class=\"s1\"><b>Campus Nyn\u00e4shamn erbjuder <\/b><\/span>m\u00f6jligheter f\u00f6r den som saknar beh\u00f6righet till yrkesh\u00f6gskola eller h\u00f6gskola. H\u00e4r kan man g\u00e5 en grundl\u00e4ggande vuxenutbildning eller l\u00e4sa in gymnasiet.<\/p><p class=\"p2\">F\u00f6r den som vill studera eller vidare\u00adutbilda sig till exempelvis f\u00f6rskoll\u00e4rare men av olika anledningar inte vill eller kan l\u00e4mna hemorten finns avtal med Link\u00f6pings universitet och Karlstads universitet, d\u00e4r huvuddelen av utbildningen sker p\u00e5 plats i Nyn\u00e4shamn.<\/p><p class=\"p2\">Till h\u00f6sten startar en hel rad nya yrkes\u00adh\u00f6gskoleutbildningar p\u00e5 Campus Nyn\u00e4shamn. Utbildningar som tagits fram i n\u00e4ra samarbete med n\u00e4ringslivet f\u00f6r att se hur stort behovet \u00e4r, ber\u00e4ttar Anneli Sahlin:<\/p><p class=\"p2\">\u2013 Vi vill starta utbildningar som\u00a0efterfr\u00e5gas av arbetsgivarna. Det \u00e4r v\u00e5rt prim\u00e4ra m\u00e5l. Vi vill att v\u00e5ra studenter ska f\u00e5 jobb efter utbildningen och k\u00e4nna sig efterfr\u00e5gade och stolta \u00f6ver sin kompetens.<\/p><p class=\"p2\"><span class=\"s2\">De nya YH-utbildningarna \u00e4r processoperat\u00f6r, socialpedagog, tr\u00e4dg\u00e5rdsm\u00e4stare, underh\u00e5llstekniker och vindkrafttekniker. Dessutom tillkommer en nationell yrkesutbildning till marinelektriker.<\/span><\/p><p class=\"p2\">\u2013 M\u00e5nga av v\u00e5ra yrkesutbildningar inom naturvetenskap och teknik \u00e4r centrala f\u00f6r den gr\u00f6na omst\u00e4llningen, och behovet av arbetskraft \u00e4r enormt. H\u00e4r ges ocks\u00e5 tillf\u00e4lle f\u00f6r de som redan \u00e4r ute i arbetslivet att vidareutbilda sig.<\/p><p class=\"p4\"><i><strong>Vilken \u00e4r den popul\u00e4raste\u00a0utbildningen att s\u00f6ka?<\/strong><br \/><\/i><span style=\"color: var( --e-global-color-primary ); font-family: var( --e-global-typography-807ec1c-font-family ), Sans-serif; font-size: var( --e-global-typography-807ec1c-font-size ); font-weight: var( --e-global-typography-807ec1c-font-weight );\">\u2013 Socialpedagog \u00e4r v\u00e5r popul\u00e4raste utbildning, med \u00f6ver 1\u2009000 s\u00f6kande fr\u00e5n hela landet som konkurrerar om 35\u00a0<\/span><span style=\"color: var( --e-global-color-primary ); font-family: var( --e-global-typography-807ec1c-font-family ), Sans-serif; font-size: var( --e-global-typography-807ec1c-font-size ); font-weight: var( --e-global-typography-807ec1c-font-weight );\">platser. Det \u00e4r ett otroligt s\u00f6ktryck.<\/span><\/p><p class=\"p4\"><i><strong>Ni har ocks\u00e5 bryggeriteknik!<\/strong><br \/><\/i><span style=\"color: var( --e-global-color-primary ); font-family: var( --e-global-typography-807ec1c-font-family ), Sans-serif; font-size: var( --e-global-typography-807ec1c-font-size ); font-weight: var( --e-global-typography-807ec1c-font-weight );\">\u2013 Ja, den har varit lite av v\u00e5rt flaggskepp, d\u00e4r inte minst v\u00e5rt lokala mikrobryggeri Nyn\u00e4shamns \u00c5ngbryggeri har spelat en viktig roll.<\/span><\/p>\t\t\t\t\t\t<\/div>\n\t\t\t\t<\/div>\n\t\t\t\t<div class=\"elementor-element elementor-element-3dfc8bd6 elementor-widget elementor-widget-text-editor\" data-id=\"3dfc8bd6\" data-element_type=\"widget\" data-widget_type=\"text-editor.default\">\n\t\t\t\t<div class=\"elementor-widget-container\">\n\t\t\t\t\t\t\t<p>Text: Magnus Nilsson<\/p>\t\t\t\t\t\t<\/div>\n\t\t\t\t<\/div>\n\t\t\t\t\t<\/div>\n\t\t<\/div>\n\t\t\t\t\t<\/div>\n\t\t<\/section>\n\t\t\t\t<section class=\"elementor-section elementor-top-section elementor-element elementor-element-46fcfdc0 elementor-section-boxed elementor-section-height-default elementor-section-height-default\" data-id=\"46fcfdc0\" data-element_type=\"section\">\n\t\t\t\t\t\t<div class=\"elementor-container elementor-column-gap-no\">\n\t\t\t\t\t<div class=\"elementor-column elementor-col-100 elementor-top-column elementor-element elementor-element-6469358b\" data-id=\"6469358b\" data-element_type=\"column\">\n\t\t\t<div class=\"elementor-widget-wrap elementor-element-populated\">\n\t\t\t\t\t\t<div class=\"elementor-element elementor-element-11768081 elementor-share-buttons--view-icon elementor-share-buttons--skin-minimal elementor-share-buttons--shape-circle elementor-share-buttons--align-center elementor-share-buttons--color-custom elementor-grid-0 elementor-widget elementor-widget-share-buttons\" data-id=\"11768081\" data-element_type=\"widget\" data-widget_type=\"share-buttons.default\">\n\t\t\t\t<div class=\"elementor-widget-container\">\n\t\t\t\t\t<div class=\"elementor-grid\">\n\t\t\t\t\t\t\t\t<div class=\"elementor-grid-item\">\n\t\t\t\t\t\t<div\n\t\t\t\t\t\t\tclass=\"elementor-share-btn elementor-share-btn_email\"\n\t\t\t\t\t\t\trole=\"button\"\n\t\t\t\t\t\t\ttabindex=\"0\"\n\t\t\t\t\t\t\taria-label=\"Dela p\u00e5 email\"\n\t\t\t\t\t\t>\n\t\t\t\t\t\t\t\t\t\t\t\t\t\t\t<span class=\"elementor-share-btn__icon\">\n\t\t\t\t\t\t\t\t<svg class=\"e-font-icon-svg e-fas-envelope\" viewBox=\"0 0 512 512\" xmlns=\"http:\/\/www.w3.org\/2000\/svg\"><path d=\"M502.3 190.8c3.9-3.1 9.7-.2 9.7 4.7V400c0 26.5-21.5 48-48 48H48c-26.5 0-48-21.5-48-48V195.6c0-5 5.7-7.8 9.7-4.7 22.4 17.4 52.1 39.5 154.1 113.6 21.1 15.4 56.7 47.8 92.2 47.6 35.7.3 72-32.8 92.3-47.6 102-74.1 131.6-96.3 154-113.7zM256 320c23.2.4 56.6-29.2 73.4-41.4 132.7-96.3 142.8-104.7 173.4-128.7 5.8-4.5 9.2-11.5 9.2-18.9v-19c0-26.5-21.5-48-48-48H48C21.5 64 0 85.5 0 112v19c0 7.4 3.4 14.3 9.2 18.9 30.6 23.9 40.7 32.4 173.4 128.7 16.8 12.2 50.2 41.8 73.4 41.4z\"><\/path><\/svg>\t\t\t\t\t\t\t<\/span>\n\t\t\t\t\t\t\t\t\t\t\t\t\t\t\t\t\t\t\t\t<\/div>\n\t\t\t\t\t<\/div>\n\t\t\t\t\t\t\t\t\t<div class=\"elementor-grid-item\">\n\t\t\t\t\t\t<div\n\t\t\t\t\t\t\tclass=\"elementor-share-btn elementor-share-btn_facebook\"\n\t\t\t\t\t\t\trole=\"button\"\n\t\t\t\t\t\t\ttabindex=\"0\"\n\t\t\t\t\t\t\taria-label=\"Dela p\u00e5 facebook\"\n\t\t\t\t\t\t>\n\t\t\t\t\t\t\t\t\t\t\t\t\t\t\t<span class=\"elementor-share-btn__icon\">\n\t\t\t\t\t\t\t\t<svg class=\"e-font-icon-svg e-fab-facebook\" viewBox=\"0 0 512 512\" xmlns=\"http:\/\/www.w3.org\/2000\/svg\"><path d=\"M504 256C504 119 393 8 256 8S8 119 8 256c0 123.78 90.69 226.38 209.25 245V327.69h-63V256h63v-54.64c0-62.15 37-96.48 93.67-96.48 27.14 0 55.52 4.84 55.52 4.84v61h-31.28c-30.8 0-40.41 19.12-40.41 38.73V256h68.78l-11 71.69h-57.78V501C413.31 482.38 504 379.78 504 256z\"><\/path><\/svg>\t\t\t\t\t\t\t<\/span>\n\t\t\t\t\t\t\t\t\t\t\t\t\t\t\t\t\t\t\t\t<\/div>\n\t\t\t\t\t<\/div>\n\t\t\t\t\t\t\t\t\t<div class=\"elementor-grid-item\">\n\t\t\t\t\t\t<div\n\t\t\t\t\t\t\tclass=\"elementor-share-btn elementor-share-btn_x-twitter\"\n\t\t\t\t\t\t\trole=\"button\"\n\t\t\t\t\t\t\ttabindex=\"0\"\n\t\t\t\t\t\t\taria-label=\"Dela p\u00e5 x-twitter\"\n\t\t\t\t\t\t>\n\t\t\t\t\t\t\t\t\t\t\t\t\t\t\t<span class=\"elementor-share-btn__icon\">\n\t\t\t\t\t\t\t\t<svg class=\"e-font-icon-svg e-fab-x-twitter\" viewBox=\"0 0 512 512\" xmlns=\"http:\/\/www.w3.org\/2000\/svg\"><path d=\"M389.2 48h70.6L305.6 224.2 487 464H345L233.7 318.6 106.5 464H35.8L200.7 275.5 26.8 48H172.4L272.9 180.9 389.2 48zM364.4 421.8h39.1L151.1 88h-42L364.4 421.8z\"><\/path><\/svg>\t\t\t\t\t\t\t<\/span>\n\t\t\t\t\t\t\t\t\t\t\t\t\t\t\t\t\t\t\t\t<\/div>\n\t\t\t\t\t<\/div>\n\t\t\t\t\t\t\t\t\t<div class=\"elementor-grid-item\">\n\t\t\t\t\t\t<div\n\t\t\t\t\t\t\tclass=\"elementor-share-btn elementor-share-btn_linkedin\"\n\t\t\t\t\t\t\trole=\"button\"\n\t\t\t\t\t\t\ttabindex=\"0\"\n\t\t\t\t\t\t\taria-label=\"Dela p\u00e5 linkedin\"\n\t\t\t\t\t\t>\n\t\t\t\t\t\t\t\t\t\t\t\t\t\t\t<span class=\"elementor-share-btn__icon\">\n\t\t\t\t\t\t\t\t<svg class=\"e-font-icon-svg e-fab-linkedin\" viewBox=\"0 0 448 512\" xmlns=\"http:\/\/www.w3.org\/2000\/svg\"><path d=\"M416 32H31.9C14.3 32 0 46.5 0 64.3v383.4C0 465.5 14.3 480 31.9 480H416c17.6 0 32-14.5 32-32.3V64.3c0-17.8-14.4-32.3-32-32.3zM135.4 416H69V202.2h66.5V416zm-33.2-243c-21.3 0-38.5-17.3-38.5-38.5S80.9 96 102.2 96c21.2 0 38.5 17.3 38.5 38.5 0 21.3-17.2 38.5-38.5 38.5zm282.1 243h-66.4V312c0-24.8-.5-56.7-34.5-56.7-34.6 0-39.9 27-39.9 54.9V416h-66.4V202.2h63.7v29.2h.9c8.9-16.8 30.6-34.5 62.9-34.5 67.2 0 79.7 44.3 79.7 101.9V416z\"><\/path><\/svg>\t\t\t\t\t\t\t<\/span>\n\t\t\t\t\t\t\t\t\t\t\t\t\t\t\t\t\t\t\t\t<\/div>\n\t\t\t\t\t<\/div>\n\t\t\t\t\t\t<\/div>\n\t\t\t\t<\/div>\n\t\t\t\t<\/div>\n\t\t\t\t\t<\/div>\n\t\t<\/div>\n\t\t\t\t\t<\/div>\n\t\t<\/section>\n\t\t\t\t<\/div>\n\t\t","protected":false},"excerpt":{"rendered":"<p>\u00d6ver 1\u00a0600 elever studerar nu p\u00e5 popul\u00e4ra Campus Nyn\u00e4shamn d\u00e4r Anneli Sahlin \u00e4r rektor. Campus Nyn\u00e4shamn En ov\u00e4rderlig resurs f\u00f6r kommunen och n\u00e4ringslivet Snabbv\u00e4xande Campus Nyn\u00e4shamn lanserar till h\u00f6sten hela fem nya yrkesutbildningar. Mest popul\u00e4r \u00e4r socialpedagog med \u00f6ver tusen s\u00f6kande till 35 platser, men ocks\u00e5 utbildningen till marinelektriker, vindkraftstekniker, process\u00adoperat\u00f6r och underh\u00e5llstekniker v\u00e4cker stort [&hellip;]<\/p>\n","protected":false},"author":2,"featured_media":78,"parent":0,"menu_order":0,"comment_status":"closed","ping_status":"closed","template":"elementor_theme","meta":{"footnotes":""},"class_list":["post-222","page","type-page","status-publish","has-post-thumbnail","hentry"],"_links":{"self":[{"href":"https:\/\/nynashamnvaxer.nu\/index.php\/wp-json\/wp\/v2\/pages\/222","targetHints":{"allow":["GET"]}}],"collection":[{"href":"https:\/\/nynashamnvaxer.nu\/index.php\/wp-json\/wp\/v2\/pages"}],"about":[{"href":"https:\/\/nynashamnvaxer.nu\/index.php\/wp-json\/wp\/v2\/types\/page"}],"author":[{"embeddable":true,"href":"https:\/\/nynashamnvaxer.nu\/index.php\/wp-json\/wp\/v2\/users\/2"}],"replies":[{"embeddable":true,"href":"https:\/\/nynashamnvaxer.nu\/index.php\/wp-json\/wp\/v2\/comments?post=222"}],"version-history":[{"count":4,"href":"https:\/\/nynashamnvaxer.nu\/index.php\/wp-json\/wp\/v2\/pages\/222\/revisions"}],"predecessor-version":[{"id":227,"href":"https:\/\/nynashamnvaxer.nu\/index.php\/wp-json\/wp\/v2\/pages\/222\/revisions\/227"}],"wp:featuredmedia":[{"embeddable":true,"href":"https:\/\/nynashamnvaxer.nu\/index.php\/wp-json\/wp\/v2\/media\/78"}],"wp:attachment":[{"href":"https:\/\/nynashamnvaxer.nu\/index.php\/wp-json\/wp\/v2\/media?parent=222"}],"curies":[{"name":"wp","href":"https:\/\/api.w.org\/{rel}","templated":true}]}}