{"id":228,"date":"2024-06-26T16:00:00","date_gmt":"2024-06-26T14:00:00","guid":{"rendered":"https:\/\/nynashamnvaxer.nu\/?page_id=228"},"modified":"2024-06-26T16:03:15","modified_gmt":"2024-06-26T14:03:15","slug":"sa-jobbar-kommunen-for-okad-trygghet","status":"publish","type":"page","link":"https:\/\/nynashamnvaxer.nu\/index.php\/sa-jobbar-kommunen-for-okad-trygghet\/","title":{"rendered":"S\u00e5 jobbar kommunen f\u00f6r \u00f6kad trygghet"},"content":{"rendered":"\t\t<div data-elementor-type=\"wp-page\" data-elementor-id=\"228\" class=\"elementor elementor-228\" data-elementor-post-type=\"page\">\n\t\t\t\t\t\t<section class=\"elementor-section elementor-top-section elementor-element elementor-element-f6e60dc elementor-section-boxed elementor-section-height-default elementor-section-height-default\" data-id=\"f6e60dc\" data-element_type=\"section\">\n\t\t\t\t\t\t<div class=\"elementor-container elementor-column-gap-no\">\n\t\t\t\t\t<div class=\"elementor-column elementor-col-100 elementor-top-column elementor-element elementor-element-72510e6f\" data-id=\"72510e6f\" data-element_type=\"column\">\n\t\t\t<div class=\"elementor-widget-wrap elementor-element-populated\">\n\t\t\t\t\t\t<div class=\"elementor-element elementor-element-7aefd92e elementor-widget elementor-widget-image\" data-id=\"7aefd92e\" data-element_type=\"widget\" data-widget_type=\"image.default\">\n\t\t\t\t<div class=\"elementor-widget-container\">\n\t\t\t\t\t\t\t\t\t\t\t\t\t<img fetchpriority=\"high\" decoding=\"async\" width=\"2080\" height=\"1386\" src=\"https:\/\/nynashamnvaxer.nu\/wp-content\/uploads\/2024\/06\/milan-vladusic.webp\" class=\"attachment-full size-full wp-image-103\" alt=\"\" srcset=\"https:\/\/nynashamnvaxer.nu\/wp-content\/uploads\/2024\/06\/milan-vladusic.webp 2080w, https:\/\/nynashamnvaxer.nu\/wp-content\/uploads\/2024\/06\/milan-vladusic-300x200.webp 300w, https:\/\/nynashamnvaxer.nu\/wp-content\/uploads\/2024\/06\/milan-vladusic-1024x682.webp 1024w, https:\/\/nynashamnvaxer.nu\/wp-content\/uploads\/2024\/06\/milan-vladusic-768x512.webp 768w, https:\/\/nynashamnvaxer.nu\/wp-content\/uploads\/2024\/06\/milan-vladusic-1536x1024.webp 1536w, https:\/\/nynashamnvaxer.nu\/wp-content\/uploads\/2024\/06\/milan-vladusic-2048x1365.webp 2048w\" sizes=\"(max-width: 2080px) 100vw, 2080px\" \/>\t\t\t\t\t\t\t\t\t\t\t\t\t<\/div>\n\t\t\t\t<\/div>\n\t\t\t\t<div class=\"elementor-element elementor-element-5c2b1e9b elementor-widget elementor-widget-text-editor\" data-id=\"5c2b1e9b\" data-element_type=\"widget\" data-widget_type=\"text-editor.default\">\n\t\t\t\t<div class=\"elementor-widget-container\">\n\t\t\t\t\t\t\t<p>\u2013 En klar majoritet av nyn\u00e4shamnsborna k\u00e4nner sig trygga i sin n\u00e4rmilj\u00f6, men det finns alltid mer att g\u00f6ra och d\u00e4rf\u00f6r bedriver vi kontinuerligt en rad olika trygghetsskapande insatser, Milan Vladusic, s\u00e4kerhetschef Nyn\u00e4shamns kommun.<\/p>\t\t\t\t\t\t<\/div>\n\t\t\t\t<\/div>\n\t\t\t\t\t<\/div>\n\t\t<\/div>\n\t\t\t\t\t<\/div>\n\t\t<\/section>\n\t\t\t\t<section class=\"elementor-section elementor-top-section elementor-element elementor-element-15d4f762 elementor-section-boxed elementor-section-height-default elementor-section-height-default\" data-id=\"15d4f762\" data-element_type=\"section\">\n\t\t\t\t\t\t<div class=\"elementor-container elementor-column-gap-no\">\n\t\t\t\t\t<div class=\"elementor-column elementor-col-100 elementor-top-column elementor-element elementor-element-4d2a9e4a\" data-id=\"4d2a9e4a\" data-element_type=\"column\">\n\t\t\t<div class=\"elementor-widget-wrap elementor-element-populated\">\n\t\t\t\t\t\t<div class=\"elementor-element elementor-element-6190abbd elementor-widget elementor-widget-heading\" data-id=\"6190abbd\" data-element_type=\"widget\" data-widget_type=\"heading.default\">\n\t\t\t\t<div class=\"elementor-widget-container\">\n\t\t\t<h1 class=\"elementor-heading-title elementor-size-default\">S\u00e5 jobbar kommunen f\u00f6r \u00f6kad trygghet<\/h1>\t\t<\/div>\n\t\t\t\t<\/div>\n\t\t\t\t\t<\/div>\n\t\t<\/div>\n\t\t\t\t\t<\/div>\n\t\t<\/section>\n\t\t\t\t<section class=\"elementor-section elementor-top-section elementor-element elementor-element-31002c07 elementor-section-boxed elementor-section-height-default elementor-section-height-default\" data-id=\"31002c07\" data-element_type=\"section\">\n\t\t\t\t\t\t<div class=\"elementor-container elementor-column-gap-no\">\n\t\t\t\t\t<div class=\"elementor-column elementor-col-100 elementor-top-column elementor-element elementor-element-4c4b80c4\" data-id=\"4c4b80c4\" data-element_type=\"column\">\n\t\t\t<div class=\"elementor-widget-wrap elementor-element-populated\">\n\t\t\t\t\t\t<div class=\"elementor-element elementor-element-3fa6dbab elementor-widget elementor-widget-text-editor\" data-id=\"3fa6dbab\" data-element_type=\"widget\" data-widget_type=\"text-editor.default\">\n\t\t\t\t<div class=\"elementor-widget-container\">\n\t\t\t\t\t\t\t<p>\u00c4ven om Nyn\u00e4shamns kommun inte har n\u00e5gra utsatta omr\u00e5den eller annan s\u00e4rskild brottsproblematik s\u00e5 finns det saker som skapar otrygghet. Trafik, nedskr\u00e4pning och skadeg\u00f6relse \u00e4r de omr\u00e5den som p\u00e5verkar inv\u00e5narnas upplevda trygghet mest, enligt kommunens trygghetsunders\u00f6kning.<\/p>\t\t\t\t\t\t<\/div>\n\t\t\t\t<\/div>\n\t\t\t\t<div class=\"elementor-element elementor-element-49e630bf elementor-drop-cap-yes elementor-drop-cap-view-default elementor-widget elementor-widget-text-editor\" data-id=\"49e630bf\" data-element_type=\"widget\" data-settings=\"{&quot;drop_cap&quot;:&quot;yes&quot;}\" data-widget_type=\"text-editor.default\">\n\t\t\t\t<div class=\"elementor-widget-container\">\n\t\t\t\t\t\t\t<p>N<span class=\"s1\"><b>yn\u00e4shamns kommun <\/b><\/span>utf\u00f6r vartannat \u00e5r en trygghetsunders\u00f6kning d\u00e4r inv\u00e5nare f\u00e5r svara p\u00e5 ett antal fr\u00e5gor om s\u00e5v\u00e4l upplevd otrygghet som utsatthet f\u00f6r brott. Sammanlagt svarade 1\u2009018 personer p\u00e5 den senaste enk\u00e4ten som gjordes 2022. De omr\u00e5den som ingick var Nicksta\u00adh\u00f6jden, Nyn\u00e4shamns t\u00e4tort, Segers\u00e4ng, Sorunda, Stora Vika, Tor\u00f6 och \u00d6smo.<\/p><p class=\"p2\">\u2013 Vi har inga utsatta omr\u00e5den i Nyn\u00e4shamns kommun, inte heller n\u00e5gra \u00f6ppna drogscener, enligt polisens bed\u00f6mningar, s\u00e5 enk\u00e4ten handlar framf\u00f6r allt om upplevd otrygghet och i f\u00f6rl\u00e4ngningen vad vi som kommun kan g\u00f6ra \u00e5t det. I Segers\u00e4ng ans\u00e5gs till exempel trafiken vara det st\u00f6rsta orosmomentet, medan nedskr\u00e4pning upplevdes vara det st\u00f6rsta problemet i Nickstah\u00f6jden.<\/p><p class=\"p3\"><strong><i>Har tryggheten bland inv\u00e5narna \u00f6kat eller minskat de senaste \u00e5ren?<br \/><\/i><\/strong>\u2013 Generellt sett har den \u00f6kat n\u00e5got, det visar b\u00e5de v\u00e5r egen och polisens trygghetsunders\u00f6kning. 79 procent av inv\u00e5narna k\u00e4nner sig exempelvis trygga n\u00e4r de \u00e4r ute p\u00e5 stan f\u00f6r att \u00e4ta en bit mat om kv\u00e4llen. Samtidigt lever vi just nu i en otrygg v\u00e4rld vilket p\u00e5verkar m\u00e4nniskors upplevelse av otrygghet, oavsett var de bor. S\u00e5 det \u00e4r viktigt f\u00f6r oss att verkligen lyssna p\u00e5 de boende och i st\u00f6rsta m\u00f6jliga m\u00e5n ta tag i de milj\u00f6er och problem som orsakar denna oro.<\/p><p class=\"p3\"><strong><i>Vad kan kommunen g\u00f6ra \u00e5t den upplevda otryggheten?<br \/><\/i><\/strong>\u2013 Flera saker. Dels \u00e4r det viktigt att prata om den upplevda otryggheten och vad den beror p\u00e5. Dels ta itu med det i omgivningen som skapar denna oro. Det kan vara att se till att belysningen \u00e4r tillr\u00e4cklig i n\u00e4rmilj\u00f6n och att det inte finns n\u00e5gra m\u00f6rka omr\u00e5den. Eller att snabbt ta bort klotter och \u00e5tg\u00e4rda skadeg\u00f6relse.<\/p><p class=\"p3\"><strong><i>Hur f\u00e5r ni reda p\u00e5 vad som m\u00e5ste \u00e5tg\u00e4rdas?<br \/><\/i><\/strong>\u2013 N\u00e4r det g\u00e4ller skadeg\u00f6relse f\u00e5r vi varje morgon in en l\u00e4gesrapport fr\u00e5n kommunens bevakningsf\u00f6retag som varje kv\u00e4ll och natt \u00e4r ute och k\u00f6r ronder i kommunen. Ser de en krossad ruta eller en nedklottrad v\u00e4gg s\u00e5 f\u00e5r vi veta det och kan s\u00e4tta in \u00e5tg\u00e4rder direkt. Klotter inte bara upplevs som otrevligt, det bidrar ocks\u00e5 till en k\u00e4nsla av otrygghet.<\/p>\t\t\t\t\t\t<\/div>\n\t\t\t\t<\/div>\n\t\t\t\t<div class=\"elementor-element elementor-element-705ce0fc elementor-widget elementor-widget-text-editor\" data-id=\"705ce0fc\" data-element_type=\"widget\" data-widget_type=\"text-editor.default\">\n\t\t\t\t<div class=\"elementor-widget-container\">\n\t\t\t\t\t\t\t<p>Text: Magnus Nilsson<\/p>\t\t\t\t\t\t<\/div>\n\t\t\t\t<\/div>\n\t\t\t\t\t<\/div>\n\t\t<\/div>\n\t\t\t\t\t<\/div>\n\t\t<\/section>\n\t\t\t\t<section class=\"elementor-section elementor-top-section elementor-element elementor-element-11753156 elementor-section-boxed elementor-section-height-default elementor-section-height-default\" data-id=\"11753156\" data-element_type=\"section\" data-settings=\"{&quot;background_background&quot;:&quot;classic&quot;}\">\n\t\t\t\t\t\t<div class=\"elementor-container elementor-column-gap-no\">\n\t\t\t\t\t<div class=\"elementor-column elementor-col-100 elementor-top-column elementor-element elementor-element-42e4f14\" data-id=\"42e4f14\" data-element_type=\"column\" data-settings=\"{&quot;background_background&quot;:&quot;classic&quot;}\">\n\t\t\t<div class=\"elementor-widget-wrap elementor-element-populated\">\n\t\t\t\t\t\t<div class=\"elementor-element elementor-element-26bfac81 elementor-widget elementor-widget-heading\" data-id=\"26bfac81\" data-element_type=\"widget\" data-widget_type=\"heading.default\">\n\t\t\t\t<div class=\"elementor-widget-container\">\n\t\t\t<h3 class=\"elementor-heading-title elementor-size-default\">Fler exempel p\u00e5 trygghets\u00adinsatser som g\u00f6rs i Nyn\u00e4shamns kommun<\/h3>\t\t<\/div>\n\t\t\t\t<\/div>\n\t\t\t\t<div class=\"elementor-element elementor-element-38b398c8 elementor-widget elementor-widget-text-editor\" data-id=\"38b398c8\" data-element_type=\"widget\" data-widget_type=\"text-editor.default\">\n\t\t\t\t<div class=\"elementor-widget-container\">\n\t\t\t\t\t\t\t<p class=\"p1\">\u2022 Polisen, Nyn\u00e4shamns kommun och S\u00f6dert\u00f6rns brandf\u00f6rsvarsf\u00f6rbund har t\u00e4tt samarbete och gemensamt medborgarl\u00f6fte f\u00f6r att \u00f6ka tryggheten och minska brottsligheten i kommunen.<\/p><p class=\"p1\">\u2022 En strategisk och en operativ samverkansgrupp tr\u00e4ffas regelbundet f\u00f6r att ta fram \u00e5tg\u00e4rdsplaner och dela information i f\u00f6rebyggande syfte.<\/p><p class=\"p1\">\u2022 Regelbundna trygghetsvandringar p\u00e5 olika platser i kommunen. Polis, kommun, fastighets\u00e4gare och boende deltar.<\/p><p class=\"p1\">\u2022 BOB-r\u00e5d, en ny samverkansstruktur p\u00e5 lokal, regional och nationell niv\u00e5 med syfte att f\u00f6rhindra att barn och unga blir en del av grov organiserad brottslighet har startats upp.<\/p><p class=\"p1\">\u2022 En grannst\u00f6dsbil ronderar dagtid i kommunen f\u00f6r att \u00f6ka tryggheten f\u00f6r de boende.<\/p>\t\t\t\t\t\t<\/div>\n\t\t\t\t<\/div>\n\t\t\t\t\t<\/div>\n\t\t<\/div>\n\t\t\t\t\t<\/div>\n\t\t<\/section>\n\t\t\t\t<section class=\"elementor-section elementor-top-section elementor-element elementor-element-354a2660 elementor-section-boxed elementor-section-height-default elementor-section-height-default\" data-id=\"354a2660\" data-element_type=\"section\">\n\t\t\t\t\t\t<div class=\"elementor-container elementor-column-gap-no\">\n\t\t\t\t\t<div class=\"elementor-column elementor-col-100 elementor-top-column elementor-element elementor-element-5625ce9a\" data-id=\"5625ce9a\" data-element_type=\"column\">\n\t\t\t<div class=\"elementor-widget-wrap elementor-element-populated\">\n\t\t\t\t\t\t<div class=\"elementor-element elementor-element-691808fc elementor-share-buttons--view-icon elementor-share-buttons--skin-minimal elementor-share-buttons--shape-circle elementor-share-buttons--align-center elementor-share-buttons--color-custom elementor-grid-0 elementor-widget elementor-widget-share-buttons\" data-id=\"691808fc\" data-element_type=\"widget\" data-widget_type=\"share-buttons.default\">\n\t\t\t\t<div class=\"elementor-widget-container\">\n\t\t\t\t\t<div class=\"elementor-grid\">\n\t\t\t\t\t\t\t\t<div class=\"elementor-grid-item\">\n\t\t\t\t\t\t<div\n\t\t\t\t\t\t\tclass=\"elementor-share-btn elementor-share-btn_email\"\n\t\t\t\t\t\t\trole=\"button\"\n\t\t\t\t\t\t\ttabindex=\"0\"\n\t\t\t\t\t\t\taria-label=\"Dela p\u00e5 email\"\n\t\t\t\t\t\t>\n\t\t\t\t\t\t\t\t\t\t\t\t\t\t\t<span class=\"elementor-share-btn__icon\">\n\t\t\t\t\t\t\t\t<svg class=\"e-font-icon-svg e-fas-envelope\" viewBox=\"0 0 512 512\" xmlns=\"http:\/\/www.w3.org\/2000\/svg\"><path d=\"M502.3 190.8c3.9-3.1 9.7-.2 9.7 4.7V400c0 26.5-21.5 48-48 48H48c-26.5 0-48-21.5-48-48V195.6c0-5 5.7-7.8 9.7-4.7 22.4 17.4 52.1 39.5 154.1 113.6 21.1 15.4 56.7 47.8 92.2 47.6 35.7.3 72-32.8 92.3-47.6 102-74.1 131.6-96.3 154-113.7zM256 320c23.2.4 56.6-29.2 73.4-41.4 132.7-96.3 142.8-104.7 173.4-128.7 5.8-4.5 9.2-11.5 9.2-18.9v-19c0-26.5-21.5-48-48-48H48C21.5 64 0 85.5 0 112v19c0 7.4 3.4 14.3 9.2 18.9 30.6 23.9 40.7 32.4 173.4 128.7 16.8 12.2 50.2 41.8 73.4 41.4z\"><\/path><\/svg>\t\t\t\t\t\t\t<\/span>\n\t\t\t\t\t\t\t\t\t\t\t\t\t\t\t\t\t\t\t\t<\/div>\n\t\t\t\t\t<\/div>\n\t\t\t\t\t\t\t\t\t<div class=\"elementor-grid-item\">\n\t\t\t\t\t\t<div\n\t\t\t\t\t\t\tclass=\"elementor-share-btn elementor-share-btn_facebook\"\n\t\t\t\t\t\t\trole=\"button\"\n\t\t\t\t\t\t\ttabindex=\"0\"\n\t\t\t\t\t\t\taria-label=\"Dela p\u00e5 facebook\"\n\t\t\t\t\t\t>\n\t\t\t\t\t\t\t\t\t\t\t\t\t\t\t<span class=\"elementor-share-btn__icon\">\n\t\t\t\t\t\t\t\t<svg class=\"e-font-icon-svg e-fab-facebook\" viewBox=\"0 0 512 512\" xmlns=\"http:\/\/www.w3.org\/2000\/svg\"><path d=\"M504 256C504 119 393 8 256 8S8 119 8 256c0 123.78 90.69 226.38 209.25 245V327.69h-63V256h63v-54.64c0-62.15 37-96.48 93.67-96.48 27.14 0 55.52 4.84 55.52 4.84v61h-31.28c-30.8 0-40.41 19.12-40.41 38.73V256h68.78l-11 71.69h-57.78V501C413.31 482.38 504 379.78 504 256z\"><\/path><\/svg>\t\t\t\t\t\t\t<\/span>\n\t\t\t\t\t\t\t\t\t\t\t\t\t\t\t\t\t\t\t\t<\/div>\n\t\t\t\t\t<\/div>\n\t\t\t\t\t\t\t\t\t<div class=\"elementor-grid-item\">\n\t\t\t\t\t\t<div\n\t\t\t\t\t\t\tclass=\"elementor-share-btn elementor-share-btn_x-twitter\"\n\t\t\t\t\t\t\trole=\"button\"\n\t\t\t\t\t\t\ttabindex=\"0\"\n\t\t\t\t\t\t\taria-label=\"Dela p\u00e5 x-twitter\"\n\t\t\t\t\t\t>\n\t\t\t\t\t\t\t\t\t\t\t\t\t\t\t<span class=\"elementor-share-btn__icon\">\n\t\t\t\t\t\t\t\t<svg class=\"e-font-icon-svg e-fab-x-twitter\" viewBox=\"0 0 512 512\" xmlns=\"http:\/\/www.w3.org\/2000\/svg\"><path d=\"M389.2 48h70.6L305.6 224.2 487 464H345L233.7 318.6 106.5 464H35.8L200.7 275.5 26.8 48H172.4L272.9 180.9 389.2 48zM364.4 421.8h39.1L151.1 88h-42L364.4 421.8z\"><\/path><\/svg>\t\t\t\t\t\t\t<\/span>\n\t\t\t\t\t\t\t\t\t\t\t\t\t\t\t\t\t\t\t\t<\/div>\n\t\t\t\t\t<\/div>\n\t\t\t\t\t\t\t\t\t<div class=\"elementor-grid-item\">\n\t\t\t\t\t\t<div\n\t\t\t\t\t\t\tclass=\"elementor-share-btn elementor-share-btn_linkedin\"\n\t\t\t\t\t\t\trole=\"button\"\n\t\t\t\t\t\t\ttabindex=\"0\"\n\t\t\t\t\t\t\taria-label=\"Dela p\u00e5 linkedin\"\n\t\t\t\t\t\t>\n\t\t\t\t\t\t\t\t\t\t\t\t\t\t\t<span class=\"elementor-share-btn__icon\">\n\t\t\t\t\t\t\t\t<svg class=\"e-font-icon-svg e-fab-linkedin\" viewBox=\"0 0 448 512\" xmlns=\"http:\/\/www.w3.org\/2000\/svg\"><path d=\"M416 32H31.9C14.3 32 0 46.5 0 64.3v383.4C0 465.5 14.3 480 31.9 480H416c17.6 0 32-14.5 32-32.3V64.3c0-17.8-14.4-32.3-32-32.3zM135.4 416H69V202.2h66.5V416zm-33.2-243c-21.3 0-38.5-17.3-38.5-38.5S80.9 96 102.2 96c21.2 0 38.5 17.3 38.5 38.5 0 21.3-17.2 38.5-38.5 38.5zm282.1 243h-66.4V312c0-24.8-.5-56.7-34.5-56.7-34.6 0-39.9 27-39.9 54.9V416h-66.4V202.2h63.7v29.2h.9c8.9-16.8 30.6-34.5 62.9-34.5 67.2 0 79.7 44.3 79.7 101.9V416z\"><\/path><\/svg>\t\t\t\t\t\t\t<\/span>\n\t\t\t\t\t\t\t\t\t\t\t\t\t\t\t\t\t\t\t\t<\/div>\n\t\t\t\t\t<\/div>\n\t\t\t\t\t\t<\/div>\n\t\t\t\t<\/div>\n\t\t\t\t<\/div>\n\t\t\t\t\t<\/div>\n\t\t<\/div>\n\t\t\t\t\t<\/div>\n\t\t<\/section>\n\t\t\t\t<\/div>\n\t\t","protected":false},"excerpt":{"rendered":"<p>\u2013 En klar majoritet av nyn\u00e4shamnsborna k\u00e4nner sig trygga i sin n\u00e4rmilj\u00f6, men det finns alltid mer att g\u00f6ra och d\u00e4rf\u00f6r bedriver vi kontinuerligt en rad olika trygghetsskapande insatser, Milan Vladusic, s\u00e4kerhetschef Nyn\u00e4shamns kommun. S\u00e5 jobbar kommunen f\u00f6r \u00f6kad trygghet \u00c4ven om Nyn\u00e4shamns kommun inte har n\u00e5gra utsatta omr\u00e5den eller annan s\u00e4rskild brottsproblematik s\u00e5 finns [&hellip;]<\/p>\n","protected":false},"author":2,"featured_media":103,"parent":0,"menu_order":0,"comment_status":"closed","ping_status":"closed","template":"elementor_theme","meta":{"footnotes":""},"class_list":["post-228","page","type-page","status-publish","has-post-thumbnail","hentry"],"_links":{"self":[{"href":"https:\/\/nynashamnvaxer.nu\/index.php\/wp-json\/wp\/v2\/pages\/228","targetHints":{"allow":["GET"]}}],"collection":[{"href":"https:\/\/nynashamnvaxer.nu\/index.php\/wp-json\/wp\/v2\/pages"}],"about":[{"href":"https:\/\/nynashamnvaxer.nu\/index.php\/wp-json\/wp\/v2\/types\/page"}],"author":[{"embeddable":true,"href":"https:\/\/nynashamnvaxer.nu\/index.php\/wp-json\/wp\/v2\/users\/2"}],"replies":[{"embeddable":true,"href":"https:\/\/nynashamnvaxer.nu\/index.php\/wp-json\/wp\/v2\/comments?post=228"}],"version-history":[{"count":4,"href":"https:\/\/nynashamnvaxer.nu\/index.php\/wp-json\/wp\/v2\/pages\/228\/revisions"}],"predecessor-version":[{"id":233,"href":"https:\/\/nynashamnvaxer.nu\/index.php\/wp-json\/wp\/v2\/pages\/228\/revisions\/233"}],"wp:featuredmedia":[{"embeddable":true,"href":"https:\/\/nynashamnvaxer.nu\/index.php\/wp-json\/wp\/v2\/media\/103"}],"wp:attachment":[{"href":"https:\/\/nynashamnvaxer.nu\/index.php\/wp-json\/wp\/v2\/media?parent=228"}],"curies":[{"name":"wp","href":"https:\/\/api.w.org\/{rel}","templated":true}]}}