{"id":240,"date":"2024-06-26T16:40:50","date_gmt":"2024-06-26T14:40:50","guid":{"rendered":"https:\/\/nynashamnvaxer.nu\/?page_id=240"},"modified":"2024-06-26T16:46:33","modified_gmt":"2024-06-26T14:46:33","slug":"gotland-och-nynashamn-rustar-for-hogsasong","status":"publish","type":"page","link":"https:\/\/nynashamnvaxer.nu\/index.php\/gotland-och-nynashamn-rustar-for-hogsasong\/","title":{"rendered":"Gotland och Nyn\u00e4shamn rustar f\u00f6r h\u00f6gs\u00e4song"},"content":{"rendered":"\t\t<div data-elementor-type=\"wp-page\" data-elementor-id=\"240\" class=\"elementor elementor-240\" data-elementor-post-type=\"page\">\n\t\t\t\t\t\t<section class=\"elementor-section elementor-top-section elementor-element elementor-element-484cfa93 elementor-section-boxed elementor-section-height-default elementor-section-height-default\" data-id=\"484cfa93\" data-element_type=\"section\">\n\t\t\t\t\t\t<div class=\"elementor-container elementor-column-gap-no\">\n\t\t\t\t\t<div class=\"elementor-column elementor-col-100 elementor-top-column elementor-element elementor-element-176734b6\" data-id=\"176734b6\" data-element_type=\"column\">\n\t\t\t<div class=\"elementor-widget-wrap elementor-element-populated\">\n\t\t\t\t\t\t<div class=\"elementor-element elementor-element-6c78c19f elementor-widget elementor-widget-heading\" data-id=\"6c78c19f\" data-element_type=\"widget\" data-widget_type=\"heading.default\">\n\t\t\t\t<div class=\"elementor-widget-container\">\n\t\t\t<h3 class=\"elementor-heading-title elementor-size-default\">Den h\u00e4r sidan \u00e4r en annons<\/h3>\t\t<\/div>\n\t\t\t\t<\/div>\n\t\t\t\t<div class=\"elementor-element elementor-element-76d87ed elementor-widget elementor-widget-image\" data-id=\"76d87ed\" data-element_type=\"widget\" data-widget_type=\"image.default\">\n\t\t\t\t<div class=\"elementor-widget-container\">\n\t\t\t\t\t\t\t\t\t\t\t\t\t<img fetchpriority=\"high\" decoding=\"async\" width=\"2080\" height=\"1386\" src=\"https:\/\/nynashamnvaxer.nu\/wp-content\/uploads\/2024\/06\/destination-gotland.webp\" class=\"attachment-full size-full wp-image-85\" alt=\"\" srcset=\"https:\/\/nynashamnvaxer.nu\/wp-content\/uploads\/2024\/06\/destination-gotland.webp 2080w, https:\/\/nynashamnvaxer.nu\/wp-content\/uploads\/2024\/06\/destination-gotland-300x200.webp 300w, https:\/\/nynashamnvaxer.nu\/wp-content\/uploads\/2024\/06\/destination-gotland-1024x682.webp 1024w, https:\/\/nynashamnvaxer.nu\/wp-content\/uploads\/2024\/06\/destination-gotland-768x512.webp 768w, https:\/\/nynashamnvaxer.nu\/wp-content\/uploads\/2024\/06\/destination-gotland-1536x1024.webp 1536w, https:\/\/nynashamnvaxer.nu\/wp-content\/uploads\/2024\/06\/destination-gotland-2048x1365.webp 2048w\" sizes=\"(max-width: 2080px) 100vw, 2080px\" \/>\t\t\t\t\t\t\t\t\t\t\t\t\t<\/div>\n\t\t\t\t<\/div>\n\t\t\t\t\t<\/div>\n\t\t<\/div>\n\t\t\t\t\t<\/div>\n\t\t<\/section>\n\t\t\t\t<section class=\"elementor-section elementor-top-section elementor-element elementor-element-72c4bae2 elementor-section-boxed elementor-section-height-default elementor-section-height-default\" data-id=\"72c4bae2\" data-element_type=\"section\">\n\t\t\t\t\t\t<div class=\"elementor-container elementor-column-gap-no\">\n\t\t\t\t\t<div class=\"elementor-column elementor-col-100 elementor-top-column elementor-element elementor-element-14ca2ed\" data-id=\"14ca2ed\" data-element_type=\"column\">\n\t\t\t<div class=\"elementor-widget-wrap elementor-element-populated\">\n\t\t\t\t\t\t<div class=\"elementor-element elementor-element-1b808db0 elementor-widget elementor-widget-heading\" data-id=\"1b808db0\" data-element_type=\"widget\" data-widget_type=\"heading.default\">\n\t\t\t\t<div class=\"elementor-widget-container\">\n\t\t\t<h1 class=\"elementor-heading-title elementor-size-default\">Gotland och Nyn\u00e4shamn rustar f\u00f6r h\u00f6gs\u00e4song<\/h1>\t\t<\/div>\n\t\t\t\t<\/div>\n\t\t\t\t\t<\/div>\n\t\t<\/div>\n\t\t\t\t\t<\/div>\n\t\t<\/section>\n\t\t\t\t<section class=\"elementor-section elementor-top-section elementor-element elementor-element-581b49a2 elementor-section-boxed elementor-section-height-default elementor-section-height-default\" data-id=\"581b49a2\" data-element_type=\"section\">\n\t\t\t\t\t\t<div class=\"elementor-container elementor-column-gap-no\">\n\t\t\t\t\t<div class=\"elementor-column elementor-col-100 elementor-top-column elementor-element elementor-element-5843b568\" data-id=\"5843b568\" data-element_type=\"column\">\n\t\t\t<div class=\"elementor-widget-wrap elementor-element-populated\">\n\t\t\t\t\t\t<div class=\"elementor-element elementor-element-4e5c472d elementor-widget elementor-widget-text-editor\" data-id=\"4e5c472d\" data-element_type=\"widget\" data-widget_type=\"text-editor.default\">\n\t\t\t\t<div class=\"elementor-widget-container\">\n\t\t\t\t\t\t\t<p>F\u00f6r m\u00e5nga utg\u00f6r Nyn\u00e4shamn porten till Gotland. H\u00e4rifr\u00e5n tog drygt 640 000 resen\u00e4rer f\u00e4rjan till Visby under f\u00f6rra \u00e5ret. Varje \u00e5r trafikerar Destination Gotland str\u00e4ckan mellan Gotland och Nyn\u00e4shamn med omkring 1900 turer, och upp till 11 dagliga avg\u00e5ngar under h\u00f6gs\u00e4song. Med sommaren runt h\u00f6rnet ser b\u00e5de Nyn\u00e4shamn och Gotland fram emot att v\u00e4lkomna gamla och nya bes\u00f6kare.<\/p>\t\t\t\t\t\t<\/div>\n\t\t\t\t<\/div>\n\t\t\t\t<div class=\"elementor-element elementor-element-e62140e elementor-drop-cap-yes elementor-drop-cap-view-default elementor-widget elementor-widget-text-editor\" data-id=\"e62140e\" data-element_type=\"widget\" data-settings=\"{&quot;drop_cap&quot;:&quot;yes&quot;}\" data-widget_type=\"text-editor.default\">\n\t\t\t\t<div class=\"elementor-widget-container\">\n\t\t\t\t\t\t\t<p>A<strong>v alla som \u00e5ker med f\u00e4rjan<\/strong> till Visby reser 75 procent fr\u00e5n Nyn\u00e4shamn. Nytt f\u00f6r i \u00e5r \u00e4r b\u00e5tbussen som g\u00f6r det l\u00e4ttare \u00e4n n\u00e5gonsin att ta sig \u00f6ver till \u00f6n, inte minst f\u00f6r de som \u00e5ker utan bil. Sedan v\u00e5ren 2024 har Destination Gotland \u00f6ppnat flera nya linjer med b\u00e5tbussen fr\u00e5n Nyn\u00e4shamn till V\u00e4ster\u00e5s, Enk\u00f6ping, Str\u00e4ngn\u00e4s, S\u00f6dert\u00e4lje, Stockholm, Arlanda och Uppsala.<\/p><p>\u2013 Nyn\u00e4shamn och Gotland har sedan l\u00e4nge ett starkt band genom f\u00e4rjetrafiken. Under h\u00f6gs\u00e4songen har vi upp till 6 dagliga avg\u00e5ngar till Visby fr\u00e5n Nyn\u00e4shamn, och det \u00e4r utan tvekan v\u00e5r mest popul\u00e4ra rutt. N\u00e4stan tv\u00e5 tredjedelar av alla avg\u00e5ngar \u00e4r mellan dessa tv\u00e5 destinationer. Det \u00e4r ocks\u00e5 tv\u00e5 popul\u00e4ra resm\u00e5l f\u00f6r sommarg\u00e4ster eftersom det finns mycket att uppt\u00e4cka. B\u00e5de f\u00f6r gotl\u00e4nningar som \u00e5ker till fastlandet och boende p\u00e5 fastlandet som \u00e5ker till \u00f6n, s\u00e4ger Adam Jacobsson, s\u00e4lj- och marknadschef p\u00e5 Destination Gotland.<\/p><p><strong>Nu laddas det upp<\/strong> inf\u00f6r den stundande sommars\u00e4songen.<br \/>Ett antal gotl\u00e4ndska f\u00f6retag och bes\u00f6ksn\u00e4ringen har gemensamt lanserat ett erbjudande f\u00f6r att ge fler barn och unga m\u00f6jligheter att uppt\u00e4cka \u00f6n. Under hela f\u00f6rsta veckan i juli kan familjer bes\u00f6ka hotell och restauranger p\u00e5 Gotland, kl\u00e4ttra, paddla kanot, eller Kneippbyns attraktioner till f\u00f6rm\u00e5nliga priser. Och f\u00f6r de som \u00e4r 18 eller yngre \u00e4r det gratis att resa med Destination Gotland. Se kampanjen p\u00e5 <a href=\"http:\/\/destinationgotland.se\/sommarlov\" target=\"_blank\" rel=\"noopener\"><em>destinationgotland.se\/sommarlov<\/em><\/a>.<\/p><p>\u2013 F\u00f6r m\u00e5nga familjer \u00e4r f\u00f6rsta veckan i juli ocks\u00e5 den f\u00f6rsta gemensamma sommarlovsveckan Med kampanjen &#8217;Sommarlov p\u00e5 Gotland&#8217; hoppas vi locka helt nya bes\u00f6kare. Framf\u00f6r allt ser vi fram emot att fler unga f\u00e5r chansen att uppt\u00e4cka allt som \u00f6n har att erbjuda \u2013 och ett startskott f\u00f6r m\u00e5nga somrar tillsammans.<\/p><p><strong>\u00d6n erbjuder flera<\/strong> familjev\u00e4nliga utflyktsm\u00e5l. Alltifr\u00e5n lekv\u00e4nliga str\u00e4nder runt om hela kusten till Pippi L\u00e5ngstrumps Villa Villekulla och historiska efterl\u00e4mningar som vikingatidens runstenar och medeltida kyrkoruiner.<\/p><p>\u2013 P\u00e5 Gotland finns ett stort engagemang f\u00f6r turism och bes\u00f6ksn\u00e4ring. Tillsammans vill vi bidra till att 2024 skapa fler positiva sommarminnen f\u00f6r b\u00e5de bes\u00f6kare och gotl\u00e4nningar. Det \u00e4r sv\u00e5rt att t\u00e4nka sig en b\u00e4ttre tid att bes\u00f6ka Gotland \u00e4n nu, avslutar Adam Jacobsson.<\/p>\t\t\t\t\t\t<\/div>\n\t\t\t\t<\/div>\n\t\t\t\t\t<\/div>\n\t\t<\/div>\n\t\t\t\t\t<\/div>\n\t\t<\/section>\n\t\t\t\t<section class=\"elementor-section elementor-top-section elementor-element elementor-element-2149af5b elementor-section-boxed elementor-section-height-default elementor-section-height-default\" data-id=\"2149af5b\" data-element_type=\"section\">\n\t\t\t\t\t\t<div class=\"elementor-container elementor-column-gap-no\">\n\t\t\t\t\t<div class=\"elementor-column elementor-col-100 elementor-top-column elementor-element elementor-element-27c439e9\" data-id=\"27c439e9\" data-element_type=\"column\">\n\t\t\t<div class=\"elementor-widget-wrap elementor-element-populated\">\n\t\t\t\t\t\t<div class=\"elementor-element elementor-element-7a39cdb2 elementor-widget elementor-widget-image\" data-id=\"7a39cdb2\" data-element_type=\"widget\" data-widget_type=\"image.default\">\n\t\t\t\t<div class=\"elementor-widget-container\">\n\t\t\t\t\t\t\t\t\t\t\t\t\t<img decoding=\"async\" width=\"400\" height=\"112\" src=\"https:\/\/nynashamnvaxer.nu\/wp-content\/uploads\/2024\/06\/destination-gotland-logo.png\" class=\"attachment-full size-full wp-image-84\" alt=\"\" srcset=\"https:\/\/nynashamnvaxer.nu\/wp-content\/uploads\/2024\/06\/destination-gotland-logo.png 400w, https:\/\/nynashamnvaxer.nu\/wp-content\/uploads\/2024\/06\/destination-gotland-logo-300x84.png 300w\" sizes=\"(max-width: 400px) 100vw, 400px\" \/>\t\t\t\t\t\t\t\t\t\t\t\t\t<\/div>\n\t\t\t\t<\/div>\n\t\t\t\t<div class=\"elementor-element elementor-element-2a33f9ef elementor-widget elementor-widget-text-editor\" data-id=\"2a33f9ef\" data-element_type=\"widget\" data-widget_type=\"text-editor.default\">\n\t\t\t\t<div class=\"elementor-widget-container\">\n\t\t\t\t\t\t\t<p><a href=\"https:\/\/www.destinationgotland.se\/sv\/\" target=\"_blank\" rel=\"noopener\">www.destinationgotland.se<\/a><\/p>\t\t\t\t\t\t<\/div>\n\t\t\t\t<\/div>\n\t\t\t\t\t<\/div>\n\t\t<\/div>\n\t\t\t\t\t<\/div>\n\t\t<\/section>\n\t\t\t\t<section class=\"elementor-section elementor-top-section elementor-element elementor-element-587ece09 elementor-section-boxed elementor-section-height-default elementor-section-height-default\" data-id=\"587ece09\" data-element_type=\"section\">\n\t\t\t\t\t\t<div class=\"elementor-container elementor-column-gap-no\">\n\t\t\t\t\t<div class=\"elementor-column elementor-col-100 elementor-top-column elementor-element elementor-element-595e33e4\" data-id=\"595e33e4\" data-element_type=\"column\">\n\t\t\t<div class=\"elementor-widget-wrap elementor-element-populated\">\n\t\t\t\t\t\t<div class=\"elementor-element elementor-element-4757c23d elementor-share-buttons--view-icon elementor-share-buttons--skin-minimal elementor-share-buttons--shape-circle elementor-share-buttons--align-center elementor-share-buttons--color-custom elementor-grid-0 elementor-widget elementor-widget-share-buttons\" data-id=\"4757c23d\" data-element_type=\"widget\" data-widget_type=\"share-buttons.default\">\n\t\t\t\t<div class=\"elementor-widget-container\">\n\t\t\t\t\t<div class=\"elementor-grid\">\n\t\t\t\t\t\t\t\t<div class=\"elementor-grid-item\">\n\t\t\t\t\t\t<div\n\t\t\t\t\t\t\tclass=\"elementor-share-btn elementor-share-btn_email\"\n\t\t\t\t\t\t\trole=\"button\"\n\t\t\t\t\t\t\ttabindex=\"0\"\n\t\t\t\t\t\t\taria-label=\"Dela p\u00e5 email\"\n\t\t\t\t\t\t>\n\t\t\t\t\t\t\t\t\t\t\t\t\t\t\t<span class=\"elementor-share-btn__icon\">\n\t\t\t\t\t\t\t\t<svg class=\"e-font-icon-svg e-fas-envelope\" viewBox=\"0 0 512 512\" xmlns=\"http:\/\/www.w3.org\/2000\/svg\"><path d=\"M502.3 190.8c3.9-3.1 9.7-.2 9.7 4.7V400c0 26.5-21.5 48-48 48H48c-26.5 0-48-21.5-48-48V195.6c0-5 5.7-7.8 9.7-4.7 22.4 17.4 52.1 39.5 154.1 113.6 21.1 15.4 56.7 47.8 92.2 47.6 35.7.3 72-32.8 92.3-47.6 102-74.1 131.6-96.3 154-113.7zM256 320c23.2.4 56.6-29.2 73.4-41.4 132.7-96.3 142.8-104.7 173.4-128.7 5.8-4.5 9.2-11.5 9.2-18.9v-19c0-26.5-21.5-48-48-48H48C21.5 64 0 85.5 0 112v19c0 7.4 3.4 14.3 9.2 18.9 30.6 23.9 40.7 32.4 173.4 128.7 16.8 12.2 50.2 41.8 73.4 41.4z\"><\/path><\/svg>\t\t\t\t\t\t\t<\/span>\n\t\t\t\t\t\t\t\t\t\t\t\t\t\t\t\t\t\t\t\t<\/div>\n\t\t\t\t\t<\/div>\n\t\t\t\t\t\t\t\t\t<div class=\"elementor-grid-item\">\n\t\t\t\t\t\t<div\n\t\t\t\t\t\t\tclass=\"elementor-share-btn elementor-share-btn_facebook\"\n\t\t\t\t\t\t\trole=\"button\"\n\t\t\t\t\t\t\ttabindex=\"0\"\n\t\t\t\t\t\t\taria-label=\"Dela p\u00e5 facebook\"\n\t\t\t\t\t\t>\n\t\t\t\t\t\t\t\t\t\t\t\t\t\t\t<span class=\"elementor-share-btn__icon\">\n\t\t\t\t\t\t\t\t<svg class=\"e-font-icon-svg e-fab-facebook\" viewBox=\"0 0 512 512\" xmlns=\"http:\/\/www.w3.org\/2000\/svg\"><path d=\"M504 256C504 119 393 8 256 8S8 119 8 256c0 123.78 90.69 226.38 209.25 245V327.69h-63V256h63v-54.64c0-62.15 37-96.48 93.67-96.48 27.14 0 55.52 4.84 55.52 4.84v61h-31.28c-30.8 0-40.41 19.12-40.41 38.73V256h68.78l-11 71.69h-57.78V501C413.31 482.38 504 379.78 504 256z\"><\/path><\/svg>\t\t\t\t\t\t\t<\/span>\n\t\t\t\t\t\t\t\t\t\t\t\t\t\t\t\t\t\t\t\t<\/div>\n\t\t\t\t\t<\/div>\n\t\t\t\t\t\t\t\t\t<div class=\"elementor-grid-item\">\n\t\t\t\t\t\t<div\n\t\t\t\t\t\t\tclass=\"elementor-share-btn elementor-share-btn_x-twitter\"\n\t\t\t\t\t\t\trole=\"button\"\n\t\t\t\t\t\t\ttabindex=\"0\"\n\t\t\t\t\t\t\taria-label=\"Dela p\u00e5 x-twitter\"\n\t\t\t\t\t\t>\n\t\t\t\t\t\t\t\t\t\t\t\t\t\t\t<span class=\"elementor-share-btn__icon\">\n\t\t\t\t\t\t\t\t<svg class=\"e-font-icon-svg e-fab-x-twitter\" viewBox=\"0 0 512 512\" xmlns=\"http:\/\/www.w3.org\/2000\/svg\"><path d=\"M389.2 48h70.6L305.6 224.2 487 464H345L233.7 318.6 106.5 464H35.8L200.7 275.5 26.8 48H172.4L272.9 180.9 389.2 48zM364.4 421.8h39.1L151.1 88h-42L364.4 421.8z\"><\/path><\/svg>\t\t\t\t\t\t\t<\/span>\n\t\t\t\t\t\t\t\t\t\t\t\t\t\t\t\t\t\t\t\t<\/div>\n\t\t\t\t\t<\/div>\n\t\t\t\t\t\t\t\t\t<div class=\"elementor-grid-item\">\n\t\t\t\t\t\t<div\n\t\t\t\t\t\t\tclass=\"elementor-share-btn elementor-share-btn_linkedin\"\n\t\t\t\t\t\t\trole=\"button\"\n\t\t\t\t\t\t\ttabindex=\"0\"\n\t\t\t\t\t\t\taria-label=\"Dela p\u00e5 linkedin\"\n\t\t\t\t\t\t>\n\t\t\t\t\t\t\t\t\t\t\t\t\t\t\t<span class=\"elementor-share-btn__icon\">\n\t\t\t\t\t\t\t\t<svg class=\"e-font-icon-svg e-fab-linkedin\" viewBox=\"0 0 448 512\" xmlns=\"http:\/\/www.w3.org\/2000\/svg\"><path d=\"M416 32H31.9C14.3 32 0 46.5 0 64.3v383.4C0 465.5 14.3 480 31.9 480H416c17.6 0 32-14.5 32-32.3V64.3c0-17.8-14.4-32.3-32-32.3zM135.4 416H69V202.2h66.5V416zm-33.2-243c-21.3 0-38.5-17.3-38.5-38.5S80.9 96 102.2 96c21.2 0 38.5 17.3 38.5 38.5 0 21.3-17.2 38.5-38.5 38.5zm282.1 243h-66.4V312c0-24.8-.5-56.7-34.5-56.7-34.6 0-39.9 27-39.9 54.9V416h-66.4V202.2h63.7v29.2h.9c8.9-16.8 30.6-34.5 62.9-34.5 67.2 0 79.7 44.3 79.7 101.9V416z\"><\/path><\/svg>\t\t\t\t\t\t\t<\/span>\n\t\t\t\t\t\t\t\t\t\t\t\t\t\t\t\t\t\t\t\t<\/div>\n\t\t\t\t\t<\/div>\n\t\t\t\t\t\t<\/div>\n\t\t\t\t<\/div>\n\t\t\t\t<\/div>\n\t\t\t\t\t<\/div>\n\t\t<\/div>\n\t\t\t\t\t<\/div>\n\t\t<\/section>\n\t\t\t\t<\/div>\n\t\t","protected":false},"excerpt":{"rendered":"<p>Den h\u00e4r sidan \u00e4r en annons Gotland och Nyn\u00e4shamn rustar f\u00f6r h\u00f6gs\u00e4song F\u00f6r m\u00e5nga utg\u00f6r Nyn\u00e4shamn porten till Gotland. H\u00e4rifr\u00e5n tog drygt 640 000 resen\u00e4rer f\u00e4rjan till Visby under f\u00f6rra \u00e5ret. Varje \u00e5r trafikerar Destination Gotland str\u00e4ckan mellan Gotland och Nyn\u00e4shamn med omkring 1900 turer, och upp till 11 dagliga avg\u00e5ngar under h\u00f6gs\u00e4song. Med sommaren [&hellip;]<\/p>\n","protected":false},"author":2,"featured_media":85,"parent":0,"menu_order":0,"comment_status":"closed","ping_status":"closed","template":"elementor_theme","meta":{"footnotes":""},"class_list":["post-240","page","type-page","status-publish","has-post-thumbnail","hentry"],"_links":{"self":[{"href":"https:\/\/nynashamnvaxer.nu\/index.php\/wp-json\/wp\/v2\/pages\/240","targetHints":{"allow":["GET"]}}],"collection":[{"href":"https:\/\/nynashamnvaxer.nu\/index.php\/wp-json\/wp\/v2\/pages"}],"about":[{"href":"https:\/\/nynashamnvaxer.nu\/index.php\/wp-json\/wp\/v2\/types\/page"}],"author":[{"embeddable":true,"href":"https:\/\/nynashamnvaxer.nu\/index.php\/wp-json\/wp\/v2\/users\/2"}],"replies":[{"embeddable":true,"href":"https:\/\/nynashamnvaxer.nu\/index.php\/wp-json\/wp\/v2\/comments?post=240"}],"version-history":[{"count":4,"href":"https:\/\/nynashamnvaxer.nu\/index.php\/wp-json\/wp\/v2\/pages\/240\/revisions"}],"predecessor-version":[{"id":245,"href":"https:\/\/nynashamnvaxer.nu\/index.php\/wp-json\/wp\/v2\/pages\/240\/revisions\/245"}],"wp:featuredmedia":[{"embeddable":true,"href":"https:\/\/nynashamnvaxer.nu\/index.php\/wp-json\/wp\/v2\/media\/85"}],"wp:attachment":[{"href":"https:\/\/nynashamnvaxer.nu\/index.php\/wp-json\/wp\/v2\/media?parent=240"}],"curies":[{"name":"wp","href":"https:\/\/api.w.org\/{rel}","templated":true}]}}